{"id":751,"date":"2023-09-08T16:55:41","date_gmt":"2023-09-08T14:55:41","guid":{"rendered":"https:\/\/attducey-avranches.fr\/?page_id=751"},"modified":"2023-09-08T16:57:53","modified_gmt":"2023-09-08T14:57:53","slug":"saison-2022-2023","status":"publish","type":"page","link":"https:\/\/attducey-avranches.fr\/index.php\/archives\/saison-2022-2023\/","title":{"rendered":"Saison 2022-2023"},"content":{"rendered":"\n<p class=\"has-secondary-color has-text-color\">Les compos de l&rsquo;\u00e9poque<\/p>\n\n\n\n<div class=\"wp-block-group is-nowrap is-layout-flex wp-container-core-group-is-layout-6c531013 wp-block-group-is-layout-flex\">\n<div data-wp-interactive=\"core\/file\" class=\"wp-block-file\"><object data-wp-bind--hidden=\"!state.hasPdfPreview\" hidden class=\"wp-block-file__embed\" data=\"https:\/\/attducey-avranches.fr\/wp-content\/uploads\/2023\/09\/equipes-2022-2023-P1.pdf\" type=\"application\/pdf\" style=\"width:100%;height:600px\" aria-label=\"Contenu embarqu\u00e9 equipes 2022-2023 P1.\"><\/object><a id=\"wp-block-file--media-53f88a4e-883f-46c5-bfc0-886db01c48eb\" href=\"https:\/\/attducey-avranches.fr\/wp-content\/uploads\/2023\/09\/equipes-2022-2023-P1.pdf\">equipes 2022-2023 P1<\/a><a href=\"https:\/\/attducey-avranches.fr\/wp-content\/uploads\/2023\/09\/equipes-2022-2023-P1.pdf\" class=\"wp-block-file__button wp-element-button\" download aria-describedby=\"wp-block-file--media-53f88a4e-883f-46c5-bfc0-886db01c48eb\">T\u00e9l\u00e9charger<\/a><\/div>\n\n\n\n<div data-wp-interactive=\"core\/file\" class=\"wp-block-file\"><object data-wp-bind--hidden=\"!state.hasPdfPreview\" hidden class=\"wp-block-file__embed\" data=\"https:\/\/attducey-avranches.fr\/wp-content\/uploads\/2023\/06\/equipes-2022-2023-P2.pdf\" type=\"application\/pdf\" style=\"width:100%;height:600px\" aria-label=\"Contenu embarqu\u00e9 equipes 2022-2023 P2.\"><\/object><a id=\"wp-block-file--media-e0c0b9a5-dd53-4bc2-9fe2-4026e6539073\" href=\"https:\/\/attducey-avranches.fr\/wp-content\/uploads\/2023\/06\/equipes-2022-2023-P2.pdf\">equipes 2022-2023 P2<\/a><a href=\"https:\/\/attducey-avranches.fr\/wp-content\/uploads\/2023\/06\/equipes-2022-2023-P2.pdf\" class=\"wp-block-file__button wp-element-button\" download aria-describedby=\"wp-block-file--media-e0c0b9a5-dd53-4bc2-9fe2-4026e6539073\">T\u00e9l\u00e9charger<\/a><\/div>\n<\/div>\n\n\n\n<p class=\"has-secondary-color has-text-color\">Les stats de l&rsquo;\u00e9poque<\/p>\n\n\n\n<div class=\"wp-block-group is-nowrap is-layout-flex wp-container-core-group-is-layout-6c531013 wp-block-group-is-layout-flex\">\n<div data-wp-interactive=\"core\/file\" class=\"wp-block-file\"><object data-wp-bind--hidden=\"!state.hasPdfPreview\" hidden class=\"wp-block-file__embed\" data=\"https:\/\/attducey-avranches.fr\/wp-content\/uploads\/2023\/06\/Stats-2022-2023.pdf\" type=\"application\/pdf\" style=\"width:100%;height:600px\" aria-label=\"Contenu embarqu\u00e9 Stats 2022-2023.\"><\/object><a id=\"wp-block-file--media-5357a356-8a8f-4288-9158-2599520fc5e5\" href=\"https:\/\/attducey-avranches.fr\/wp-content\/uploads\/2023\/06\/Stats-2022-2023.pdf\">Stats 2022-2023<\/a><a href=\"https:\/\/attducey-avranches.fr\/wp-content\/uploads\/2023\/06\/Stats-2022-2023.pdf\" class=\"wp-block-file__button wp-element-button\" download aria-describedby=\"wp-block-file--media-5357a356-8a8f-4288-9158-2599520fc5e5\">T\u00e9l\u00e9charger<\/a><\/div>\n\n\n\n<div data-wp-interactive=\"core\/file\" class=\"wp-block-file\"><object data-wp-bind--hidden=\"!state.hasPdfPreview\" hidden class=\"wp-block-file__embed\" data=\"https:\/\/attducey-avranches.fr\/wp-content\/uploads\/2023\/06\/Progressions.pdf\" type=\"application\/pdf\" style=\"width:100%;height:600px\" aria-label=\"Contenu embarqu\u00e9 Progressions.\"><\/object><a id=\"wp-block-file--media-3b252f40-e0f5-4dbf-aedb-b90cfe37450b\" href=\"https:\/\/attducey-avranches.fr\/wp-content\/uploads\/2023\/06\/Progressions.pdf\">Progressions<\/a><a href=\"https:\/\/attducey-avranches.fr\/wp-content\/uploads\/2023\/06\/Progressions.pdf\" class=\"wp-block-file__button wp-element-button\" download aria-describedby=\"wp-block-file--media-3b252f40-e0f5-4dbf-aedb-b90cfe37450b\">T\u00e9l\u00e9charger<\/a><\/div>\n\n\n\n<div data-wp-interactive=\"core\/file\" class=\"wp-block-file\"><object data-wp-bind--hidden=\"!state.hasPdfPreview\" hidden class=\"wp-block-file__embed\" data=\"https:\/\/attducey-avranches.fr\/wp-content\/uploads\/2023\/06\/Perfs.pdf\" type=\"application\/pdf\" style=\"width:100%;height:600px\" aria-label=\"Contenu embarqu\u00e9 Perfs.\"><\/object><a id=\"wp-block-file--media-576778f2-7c51-44a0-882f-5449d6f8bdd9\" href=\"https:\/\/attducey-avranches.fr\/wp-content\/uploads\/2023\/06\/Perfs.pdf\">Perfs<\/a><a href=\"https:\/\/attducey-avranches.fr\/wp-content\/uploads\/2023\/06\/Perfs.pdf\" class=\"wp-block-file__button wp-element-button\" download aria-describedby=\"wp-block-file--media-576778f2-7c51-44a0-882f-5449d6f8bdd9\">T\u00e9l\u00e9charger<\/a><\/div>\n\n\n\n<div data-wp-interactive=\"core\/file\" class=\"wp-block-file\"><object data-wp-bind--hidden=\"!state.hasPdfPreview\" hidden class=\"wp-block-file__embed\" data=\"https:\/\/attducey-avranches.fr\/wp-content\/uploads\/2023\/06\/Invincibilite.pdf\" type=\"application\/pdf\" style=\"width:100%;height:600px\" aria-label=\"Contenu embarqu\u00e9 Invincibilit\u00e9.\"><\/object><a id=\"wp-block-file--media-ef4551f2-15fa-481a-a1fc-c0ce53a44919\" href=\"https:\/\/attducey-avranches.fr\/wp-content\/uploads\/2023\/06\/Invincibilite.pdf\">Invincibilit\u00e9<\/a><a href=\"https:\/\/attducey-avranches.fr\/wp-content\/uploads\/2023\/06\/Invincibilite.pdf\" class=\"wp-block-file__button wp-element-button\" download aria-describedby=\"wp-block-file--media-ef4551f2-15fa-481a-a1fc-c0ce53a44919\">T\u00e9l\u00e9charger<\/a><\/div>\n<\/div>\n\n\n\n<p class=\"has-secondary-color has-text-color\">Les r\u00e9sultats individuels de l&rsquo;\u00e9poque<\/p>\n\n\n\n<div data-wp-interactive=\"core\/file\" class=\"wp-block-file\"><object data-wp-bind--hidden=\"!state.hasPdfPreview\" hidden class=\"wp-block-file__embed\" data=\"https:\/\/attducey-avranches.fr\/wp-content\/uploads\/2023\/06\/Resultats-CF-Circuit.pdf\" type=\"application\/pdf\" style=\"width:100%;height:600px\" aria-label=\"Contenu embarqu\u00e9 R\u00e9sultats CF Circuit.\"><\/object><a id=\"wp-block-file--media-9fda74b4-9501-41dd-9e62-e3e5c104fafd\" href=\"https:\/\/attducey-avranches.fr\/wp-content\/uploads\/2023\/06\/Resultats-CF-Circuit.pdf\">R\u00e9sultats CF Circuit<\/a><a href=\"https:\/\/attducey-avranches.fr\/wp-content\/uploads\/2023\/06\/Resultats-CF-Circuit.pdf\" class=\"wp-block-file__button wp-element-button\" download aria-describedby=\"wp-block-file--media-9fda74b4-9501-41dd-9e62-e3e5c104fafd\">T\u00e9l\u00e9charger<\/a><\/div>\n\n\n\n<p class=\"has-secondary-color has-text-color\">On avait pas chom\u00e9&#8230;<\/p>\n\n\n\n<figure class=\"wp-block-image size-large\"><img decoding=\"async\" src=\"https:\/\/attducey-avranches.fr\/wp-content\/uploads\/2023\/06\/AFFICHE-TOURNOI-2023-724x1024.jpg\" alt=\"\" class=\"wp-image-681\"\/><\/figure>\n\n\n\n<figure class=\"wp-block-image size-full\"><img loading=\"lazy\" decoding=\"async\" width=\"581\" height=\"827\" src=\"https:\/\/attducey-avranches.fr\/wp-content\/uploads\/2022\/10\/Affiche.jpg\" alt=\"\" class=\"wp-image-495\" srcset=\"https:\/\/attducey-avranches.fr\/wp-content\/uploads\/2022\/10\/Affiche.jpg 581w, https:\/\/attducey-avranches.fr\/wp-content\/uploads\/2022\/10\/Affiche-211x300.jpg 211w\" sizes=\"auto, (max-width: 581px) 100vw, 581px\" \/><\/figure>\n\n\n\n<p class=\"has-secondary-color has-text-color\">On avait parl\u00e9 de nous&#8230;<\/p>\n\n\n\n<div class=\"wp-block-group is-nowrap is-layout-flex wp-container-core-group-is-layout-6c531013 wp-block-group-is-layout-flex\">\n<figure class=\"wp-block-image size-full\"><img loading=\"lazy\" decoding=\"async\" width=\"590\" height=\"803\" src=\"https:\/\/attducey-avranches.fr\/wp-content\/uploads\/2023\/09\/Article-du-jeudi.jpg\" alt=\"\" class=\"wp-image-753\" srcset=\"https:\/\/attducey-avranches.fr\/wp-content\/uploads\/2023\/09\/Article-du-jeudi.jpg 590w, https:\/\/attducey-avranches.fr\/wp-content\/uploads\/2023\/09\/Article-du-jeudi-220x300.jpg 220w\" sizes=\"auto, (max-width: 590px) 100vw, 590px\" \/><\/figure>\n\n\n\n<div data-wp-interactive=\"core\/file\" class=\"wp-block-file\"><object data-wp-bind--hidden=\"!state.hasPdfPreview\" hidden class=\"wp-block-file__embed\" data=\"https:\/\/attducey-avranches.fr\/wp-content\/uploads\/2023\/09\/ActuPing-50-Criterium-Federal-15-octobre-2022-1.pdf\" type=\"application\/pdf\" style=\"width:100%;height:290px\" aria-label=\"Contenu embarqu\u00e9 Actu&apos;Ping 50 - Crit\u00e9rium F\u00e9d\u00e9ral - 15 octobre 2022.\"><\/object><a id=\"wp-block-file--media-8eca9bbf-43a3-42b0-9c7d-a1c0a160a33c\" href=\"https:\/\/attducey-avranches.fr\/wp-content\/uploads\/2023\/09\/ActuPing-50-Criterium-Federal-15-octobre-2022-1.pdf\">Actu&rsquo;Ping 50 &#8211; Crit\u00e9rium F\u00e9d\u00e9ral &#8211; 15 octobre 2022<\/a><a href=\"https:\/\/attducey-avranches.fr\/wp-content\/uploads\/2023\/09\/ActuPing-50-Criterium-Federal-15-octobre-2022-1.pdf\" class=\"wp-block-file__button wp-element-button\" download aria-describedby=\"wp-block-file--media-8eca9bbf-43a3-42b0-9c7d-a1c0a160a33c\">T\u00e9l\u00e9charger<\/a><\/div>\n<\/div>\n","protected":false},"excerpt":{"rendered":"<p>Les compos de l&rsquo;\u00e9poque Les stats de l&rsquo;\u00e9poque Les r\u00e9sultats individuels de l&rsquo;\u00e9poque On avait pas chom\u00e9&#8230; On avait parl\u00e9 de nous&#8230;<\/p>\n","protected":false},"author":2,"featured_media":0,"parent":484,"menu_order":0,"comment_status":"closed","ping_status":"closed","template":"","meta":{"footnotes":""},"class_list":["post-751","page","type-page","status-publish","hentry"],"jetpack-related-posts":[{"id":1130,"url":"https:\/\/attducey-avranches.fr\/index.php\/saison-2023-2024\/","url_meta":{"origin":751,"position":0},"title":"Saison 2023-2024","author":"J\u00e9r\u00e9my Gloria","date":"1 octobre 2024","format":false,"excerpt":"Les compos de l\u2019\u00e9poque equipes 2023-2024 P1T\u00e9l\u00e9charger equipes 2023-2024 P2T\u00e9l\u00e9charger Les stats de l'\u00e9poque Stats 2023-2024T\u00e9l\u00e9charger perfsT\u00e9l\u00e9charger Invincibilit\u00e9T\u00e9l\u00e9charger ProgressionsT\u00e9l\u00e9charger Les r\u00e9sultats individuels de l'\u00e9poque Bilan CFT\u00e9l\u00e9charger Bilan CJET\u00e9l\u00e9charger ClassementT\u00e9l\u00e9charger On avait pas chom\u00e9...","rel":"","context":"Article similaire","block_context":{"text":"Article similaire","link":""},"img":{"alt_text":"","src":"","width":0,"height":0},"classes":[]},{"id":484,"url":"https:\/\/attducey-avranches.fr\/index.php\/archives\/","url_meta":{"origin":751,"position":1},"title":"ARCHIVES","author":"J\u00e9r\u00e9my Gloria","date":"7 octobre 2022","format":false,"excerpt":"Saison 2022-2023 Saison 2021-2022 Saison 2020-2021","rel":"","context":"Article similaire","block_context":{"text":"Article similaire","link":""},"img":{"alt_text":"","src":"","width":0,"height":0},"classes":[]},{"id":375,"url":"https:\/\/attducey-avranches.fr\/index.php\/organisations\/challenge-att-2021-2022\/","url_meta":{"origin":751,"position":2},"title":"Challenge ATT 2023-2024","author":"J\u00e9r\u00e9my Gloria","date":"18 juillet 2022","format":false,"excerpt":"L'objectif est de cr\u00e9er une comp\u00e9tition interne sur toute la dur\u00e9e de la saison en faisant participer tous les joueurs du club avec un handicap de points selon le classement de chacun. Les r\u00e9sultats R\u00e8glement \u2013 Tableau des \u00e9carts - Tableau global Matchs disput\u00e9s \u2013 Classement Rencontres \u00e2prement disput\u00e9es entre\u2026","rel":"","context":"Article similaire","block_context":{"text":"Article similaire","link":""},"img":{"alt_text":"","src":"https:\/\/i0.wp.com\/attducey-avranches.fr\/wp-content\/uploads\/2023\/11\/20230912_195800.jpg?resize=350%2C200&ssl=1","width":350,"height":200,"srcset":"https:\/\/i0.wp.com\/attducey-avranches.fr\/wp-content\/uploads\/2023\/11\/20230912_195800.jpg?resize=350%2C200&ssl=1 1x, https:\/\/i0.wp.com\/attducey-avranches.fr\/wp-content\/uploads\/2023\/11\/20230912_195800.jpg?resize=525%2C300&ssl=1 1.5x, https:\/\/i0.wp.com\/attducey-avranches.fr\/wp-content\/uploads\/2023\/11\/20230912_195800.jpg?resize=700%2C400&ssl=1 2x, https:\/\/i0.wp.com\/attducey-avranches.fr\/wp-content\/uploads\/2023\/11\/20230912_195800.jpg?resize=1050%2C600&ssl=1 3x, https:\/\/i0.wp.com\/attducey-avranches.fr\/wp-content\/uploads\/2023\/11\/20230912_195800.jpg?resize=1400%2C800&ssl=1 4x"},"classes":[]},{"id":215,"url":"https:\/\/attducey-avranches.fr\/index.php\/le-club\/","url_meta":{"origin":751,"position":3},"title":"LE CLUB","author":"J\u00e9r\u00e9my Gloria","date":"13 juillet 2022","format":false,"excerpt":"Inscriptions 2022-2023 Historique Le bureau Statuts","rel":"","context":"Article similaire","block_context":{"text":"Article similaire","link":""},"img":{"alt_text":"","src":"","width":0,"height":0},"classes":[]},{"id":386,"url":"https:\/\/attducey-avranches.fr\/index.php\/organisations\/criterium-federal-n2-ducey\/","url_meta":{"origin":751,"position":4},"title":"Crit\u00e9rium F\u00e9d\u00e9ral N2 Ducey &#8211; 1er tour 2022-2023","author":"J\u00e9r\u00e9my Gloria","date":"19 juillet 2022","format":false,"excerpt":"Le 1er tour du Crit\u00e9rium F\u00e9d\u00e9ral N2 (zone 6) se d\u00e9roule les 15 et 16 octobre 2022 \u00e0 Ducey-Les Ch\u00e9ris (50). Vous trouverez ci-apr\u00e8s l\u2019ensemble des documents utiles pour le suivi de la comp\u00e9tition. Convocation et horaire g\u00e9n\u00e9ral au format PDFListe des joueurs -15, -13 et -11 (samedi) en PDFListe\u2026","rel":"","context":"Article similaire","block_context":{"text":"Article similaire","link":""},"img":{"alt_text":"","src":"https:\/\/i0.wp.com\/attducey-avranches.fr\/wp-content\/uploads\/2022\/06\/Complexe_Rene_Hardy_Ducey_Les_Cheris_2_web-150x150.jpg?resize=350%2C200&ssl=1","width":350,"height":200},"classes":[]},{"id":324,"url":"https:\/\/attducey-avranches.fr\/index.php\/competitions\/coupes\/","url_meta":{"origin":751,"position":5},"title":"Coupe de la Manche 2024-2025","author":"J\u00e9r\u00e9my Gloria","date":"15 juillet 2022","format":false,"excerpt":"3 \u00e9quipes du club \u00e9taient engag\u00e9es cette saison en Coupe de la Manche L'\u00e9quipe 1 \u00e9tait compos\u00e9e de J\u00e9r\u00e9my GLORIA et Joris ANNE. Apr\u00e8s un parcours quasi sans-faute, les 2 joueurs se sont inclin\u00e9es en demi-finales contre JS Carantilly (2-3) ; ils repartent donc avec une belle m\u00e9daille de bronze\u2026","rel":"","context":"Article similaire","block_context":{"text":"Article similaire","link":""},"img":{"alt_text":"","src":"","width":0,"height":0},"classes":[]}],"jetpack_sharing_enabled":true,"_links":{"self":[{"href":"https:\/\/attducey-avranches.fr\/index.php\/wp-json\/wp\/v2\/pages\/751","targetHints":{"allow":["GET"]}}],"collection":[{"href":"https:\/\/attducey-avranches.fr\/index.php\/wp-json\/wp\/v2\/pages"}],"about":[{"href":"https:\/\/attducey-avranches.fr\/index.php\/wp-json\/wp\/v2\/types\/page"}],"author":[{"embeddable":true,"href":"https:\/\/attducey-avranches.fr\/index.php\/wp-json\/wp\/v2\/users\/2"}],"replies":[{"embeddable":true,"href":"https:\/\/attducey-avranches.fr\/index.php\/wp-json\/wp\/v2\/comments?post=751"}],"version-history":[{"count":1,"href":"https:\/\/attducey-avranches.fr\/index.php\/wp-json\/wp\/v2\/pages\/751\/revisions"}],"predecessor-version":[{"id":757,"href":"https:\/\/attducey-avranches.fr\/index.php\/wp-json\/wp\/v2\/pages\/751\/revisions\/757"}],"up":[{"embeddable":true,"href":"https:\/\/attducey-avranches.fr\/index.php\/wp-json\/wp\/v2\/pages\/484"}],"wp:attachment":[{"href":"https:\/\/attducey-avranches.fr\/index.php\/wp-json\/wp\/v2\/media?parent=751"}],"curies":[{"name":"wp","href":"https:\/\/api.w.org\/{rel}","templated":true}]}}