{"id":738,"date":"2023-09-08T16:07:13","date_gmt":"2023-09-08T14:07:13","guid":{"rendered":"https:\/\/attducey-avranches.fr\/?page_id=738"},"modified":"2025-10-28T16:29:35","modified_gmt":"2025-10-28T15:29:35","slug":"tournois-a-venir","status":"publish","type":"page","link":"https:\/\/attducey-avranches.fr\/index.php\/tournois-a-venir\/","title":{"rendered":"Tournois \u00e0 venir"},"content":{"rendered":"\n<p class=\"has-primary-color has-text-color\">yy<\/p>\n\n\n\n<p><span style=\"text-decoration: underline;\">Liste des prochains tournois :<\/span><\/p>\n\n\n\n<ul class=\"wp-block-list\">\n<li>Cormelles le Royal (01 et 02\/11\/2025) :<\/li>\n<\/ul>\n\n\n\n<figure class=\"wp-block-gallery has-nested-images columns-default is-cropped wp-block-gallery-1 is-layout-flex wp-block-gallery-is-layout-flex\">\n<figure class=\"wp-block-image size-large\"><img loading=\"lazy\" decoding=\"async\" width=\"725\" height=\"1024\" data-id=\"1325\" src=\"https:\/\/attducey-avranches.fr\/wp-content\/uploads\/2025\/10\/565757844_1387837506460639_5804374008237297337_n-725x1024.jpg\" alt=\"\" class=\"wp-image-1325\" srcset=\"https:\/\/attducey-avranches.fr\/wp-content\/uploads\/2025\/10\/565757844_1387837506460639_5804374008237297337_n-725x1024.jpg 725w, https:\/\/attducey-avranches.fr\/wp-content\/uploads\/2025\/10\/565757844_1387837506460639_5804374008237297337_n-212x300.jpg 212w, https:\/\/attducey-avranches.fr\/wp-content\/uploads\/2025\/10\/565757844_1387837506460639_5804374008237297337_n-768x1085.jpg 768w, https:\/\/attducey-avranches.fr\/wp-content\/uploads\/2025\/10\/565757844_1387837506460639_5804374008237297337_n-1087x1536.jpg 1087w, https:\/\/attducey-avranches.fr\/wp-content\/uploads\/2025\/10\/565757844_1387837506460639_5804374008237297337_n.jpg 1241w\" sizes=\"auto, (max-width: 725px) 100vw, 725px\" \/><\/figure>\n<\/figure>\n\n\n\n<p class=\"has-primary-color has-text-color has-link-color wp-elements-482ab52a03b2bdb7afbfaaca8431c65d\">YY<\/p>\n\n\n\n<ul class=\"wp-block-list\">\n<li>US Cherbourg (21\/12\/2025) :<\/li>\n<\/ul>\n\n\n\n<figure class=\"wp-block-image size-large\"><img loading=\"lazy\" decoding=\"async\" width=\"724\" height=\"1024\" src=\"https:\/\/attducey-avranches.fr\/wp-content\/uploads\/2025\/10\/Affiche-tournoi-US-Cherbourg-2025-724x1024.jpeg\" alt=\"\" class=\"wp-image-1326\" srcset=\"https:\/\/attducey-avranches.fr\/wp-content\/uploads\/2025\/10\/Affiche-tournoi-US-Cherbourg-2025-724x1024.jpeg 724w, https:\/\/attducey-avranches.fr\/wp-content\/uploads\/2025\/10\/Affiche-tournoi-US-Cherbourg-2025-212x300.jpeg 212w, https:\/\/attducey-avranches.fr\/wp-content\/uploads\/2025\/10\/Affiche-tournoi-US-Cherbourg-2025-768x1086.jpeg 768w, https:\/\/attducey-avranches.fr\/wp-content\/uploads\/2025\/10\/Affiche-tournoi-US-Cherbourg-2025-1086x1536.jpeg 1086w, https:\/\/attducey-avranches.fr\/wp-content\/uploads\/2025\/10\/Affiche-tournoi-US-Cherbourg-2025.jpeg 1448w\" sizes=\"auto, (max-width: 724px) 100vw, 724px\" \/><\/figure>\n\n\n\n<p class=\"has-primary-color has-text-color has-link-color wp-elements-482ab52a03b2bdb7afbfaaca8431c65d\">YY<\/p>\n\n\n\n<p class=\"has-primary-color has-text-color has-link-color wp-elements-482ab52a03b2bdb7afbfaaca8431c65d\">YY<\/p>\n\n\n\n<p>Retrouvez tous les Tournois et l&rsquo;actualit\u00e9 du ping sur <a href=\"http:\/\/www.tennis2table.com\" target=\"_blank\" rel=\"noreferrer noopener\">www.tennis2table.com<\/a> !<\/p>\n","protected":false},"excerpt":{"rendered":"<p>yy Liste des prochains tournois : YY YY YY Retrouvez tous les Tournois et l&rsquo;actualit\u00e9 du ping sur www.tennis2table.com !<\/p>\n","protected":false},"author":2,"featured_media":0,"parent":0,"menu_order":0,"comment_status":"closed","ping_status":"closed","template":"","meta":{"footnotes":""},"class_list":["post-738","page","type-page","status-publish","hentry"],"jetpack-related-posts":[{"id":241,"url":"https:\/\/attducey-avranches.fr\/index.php\/competitions\/championnat-par-equipes\/","url_meta":{"origin":738,"position":0},"title":"Championnat par \u00e9quipes","author":"J\u00e9r\u00e9my Gloria","date":"15 juillet 2022","format":false,"excerpt":"Retrouvez chaque semaine les diff\u00e9rents r\u00e9sultats de nos \u00e9quipes r\u00e9gionales, d\u00e9partementales et jeunes YY R\u00e9sultats et classements YY R2 (1) R3 (2) D1 (3) D1 (4) D2 (5) D2 (6) D2 (7) D2 (8) D3 (9) D3 (10) D3 (11) D4 (12) YY Compositions des \u00e9quipes YY equipe 2025-2026 P2T\u00e9l\u00e9charger\u2026","rel":"","context":"Article similaire","block_context":{"text":"Article similaire","link":""},"img":{"alt_text":"","src":"https:\/\/i0.wp.com\/attducey-avranches.fr\/wp-content\/uploads\/2025\/10\/d1.jpeg?resize=350%2C200&ssl=1","width":350,"height":200,"srcset":"https:\/\/i0.wp.com\/attducey-avranches.fr\/wp-content\/uploads\/2025\/10\/d1.jpeg?resize=350%2C200&ssl=1 1x, https:\/\/i0.wp.com\/attducey-avranches.fr\/wp-content\/uploads\/2025\/10\/d1.jpeg?resize=525%2C300&ssl=1 1.5x, https:\/\/i0.wp.com\/attducey-avranches.fr\/wp-content\/uploads\/2025\/10\/d1.jpeg?resize=700%2C400&ssl=1 2x, https:\/\/i0.wp.com\/attducey-avranches.fr\/wp-content\/uploads\/2025\/10\/d1.jpeg?resize=1050%2C600&ssl=1 3x, https:\/\/i0.wp.com\/attducey-avranches.fr\/wp-content\/uploads\/2025\/10\/d1.jpeg?resize=1400%2C800&ssl=1 4x"},"classes":[]},{"id":342,"url":"https:\/\/attducey-avranches.fr\/index.php\/infos-pratiques\/","url_meta":{"origin":738,"position":1},"title":"INFOS PRATIQUES","author":"J\u00e9r\u00e9my Gloria","date":"18 juillet 2022","format":false,"excerpt":"NOUS CONTACTER YY SECTION LOISIRS YY CALENDRIER 2025-2026 YY LIENS UTILES YY","rel":"","context":"Article similaire","block_context":{"text":"Article similaire","link":""},"img":{"alt_text":"","src":"","width":0,"height":0},"classes":[]},{"id":356,"url":"https:\/\/attducey-avranches.fr\/index.php\/infos-pratiques\/356-2\/","url_meta":{"origin":738,"position":2},"title":"Merci \u00e0 nos soutiens !","author":"J\u00e9r\u00e9my Gloria","date":"18 juillet 2022","format":false,"excerpt":"MERCI A NOS SOUTIENS ! YY Les partenaires priv\u00e9s Partenaire mat\u00e9riel TT YY Partenaires boissons YY Partenaires consommables lors des manifestations YY Partenaire maillots (championnat par \u00e9quipes adultes et jeunes en comp\u00e9titions) YY Partenaire maillots (championnat par \u00e9quipes adultes) YY Partenaire sonorisation lors des manifestations YY Partenaire maillot jeunes et\u2026","rel":"","context":"Article similaire","block_context":{"text":"Article similaire","link":""},"img":{"alt_text":"","src":"https:\/\/i0.wp.com\/attducey-avranches.fr\/wp-content\/uploads\/2022\/07\/logo-fftt-150x150.png?resize=350%2C200&ssl=1","width":350,"height":200},"classes":[]},{"id":262,"url":"https:\/\/attducey-avranches.fr\/index.php\/competitions\/statistiques-individuelles\/","url_meta":{"origin":738,"position":3},"title":"Statistiques individuelles","author":"J\u00e9r\u00e9my Gloria","date":"15 juillet 2022","format":false,"excerpt":"Retrouvez les performances de tous nos comp\u00e9titeurs en championnats par \u00e9quipes et individuelles YY Nombre de victoires par journ\u00e9e YY statsT\u00e9l\u00e9charger YY Perfs' YY perfsT\u00e9l\u00e9charger YY Pourcentage de victoires YY invinciT\u00e9l\u00e9charger YY Progressions mensuelles \/ annuelles YY progressT\u00e9l\u00e9charger","rel":"","context":"Article similaire","block_context":{"text":"Article similaire","link":""},"img":{"alt_text":"","src":"","width":0,"height":0},"classes":[]},{"id":239,"url":"https:\/\/attducey-avranches.fr\/index.php\/competitions\/","url_meta":{"origin":738,"position":4},"title":"COMPETITIONS","author":"J\u00e9r\u00e9my Gloria","date":"15 juillet 2022","format":false,"excerpt":"STATS INDIVIDUELLES CHAMPIONNAT PAR EQUIPES CHAMPIONNAT INDIVIDUEL YY YY COUPES","rel":"","context":"Article similaire","block_context":{"text":"Article similaire","link":""},"img":{"alt_text":"","src":"","width":0,"height":0},"classes":[]},{"id":694,"url":"https:\/\/attducey-avranches.fr\/index.php\/boutique-att\/","url_meta":{"origin":738,"position":5},"title":"Boutique ATT","author":"J\u00e9r\u00e9my Gloria","date":"26 juin 2023","format":false,"excerpt":"yy\/ En partenariat avec le magasin Sport & co Avranches et la marque JAKO, le club a cr\u00e9\u00e9 sa propre boutique o\u00f9 chacun peut commander et r\u00e9gler directement en ligne. C'est simple, s\u00e9curis\u00e9 et rapide ! N'h\u00e9sitez pas \u00e0 aller faire un tour sur celle-ci : https:\/\/team.jako.fr\/fr\/team\/avenir_tennis_de_table_ducey_avranches\/ YY","rel":"","context":"Article similaire","block_context":{"text":"Article similaire","link":""},"img":{"alt_text":"","src":"https:\/\/i0.wp.com\/attducey-avranches.fr\/wp-content\/uploads\/2023\/06\/Capture.jpg?resize=350%2C200&ssl=1","width":350,"height":200,"srcset":"https:\/\/i0.wp.com\/attducey-avranches.fr\/wp-content\/uploads\/2023\/06\/Capture.jpg?resize=350%2C200&ssl=1 1x, https:\/\/i0.wp.com\/attducey-avranches.fr\/wp-content\/uploads\/2023\/06\/Capture.jpg?resize=525%2C300&ssl=1 1.5x, https:\/\/i0.wp.com\/attducey-avranches.fr\/wp-content\/uploads\/2023\/06\/Capture.jpg?resize=700%2C400&ssl=1 2x, https:\/\/i0.wp.com\/attducey-avranches.fr\/wp-content\/uploads\/2023\/06\/Capture.jpg?resize=1050%2C600&ssl=1 3x"},"classes":[]}],"jetpack_sharing_enabled":true,"_links":{"self":[{"href":"https:\/\/attducey-avranches.fr\/index.php\/wp-json\/wp\/v2\/pages\/738","targetHints":{"allow":["GET"]}}],"collection":[{"href":"https:\/\/attducey-avranches.fr\/index.php\/wp-json\/wp\/v2\/pages"}],"about":[{"href":"https:\/\/attducey-avranches.fr\/index.php\/wp-json\/wp\/v2\/types\/page"}],"author":[{"embeddable":true,"href":"https:\/\/attducey-avranches.fr\/index.php\/wp-json\/wp\/v2\/users\/2"}],"replies":[{"embeddable":true,"href":"https:\/\/attducey-avranches.fr\/index.php\/wp-json\/wp\/v2\/comments?post=738"}],"version-history":[{"count":14,"href":"https:\/\/attducey-avranches.fr\/index.php\/wp-json\/wp\/v2\/pages\/738\/revisions"}],"predecessor-version":[{"id":1327,"href":"https:\/\/attducey-avranches.fr\/index.php\/wp-json\/wp\/v2\/pages\/738\/revisions\/1327"}],"wp:attachment":[{"href":"https:\/\/attducey-avranches.fr\/index.php\/wp-json\/wp\/v2\/media?parent=738"}],"curies":[{"name":"wp","href":"https:\/\/api.w.org\/{rel}","templated":true}]}}