{"id":694,"date":"2023-06-26T11:01:36","date_gmt":"2023-06-26T09:01:36","guid":{"rendered":"https:\/\/attducey-avranches.fr\/?page_id=694"},"modified":"2023-06-27T10:34:11","modified_gmt":"2023-06-27T08:34:11","slug":"boutique-att","status":"publish","type":"page","link":"https:\/\/attducey-avranches.fr\/index.php\/boutique-att\/","title":{"rendered":"Boutique ATT"},"content":{"rendered":"\n<p class=\"has-primary-color has-text-color\">yy\/<\/p>\n\n\n\n<p>En partenariat avec le magasin Sport &amp; co Avranches et la marque JAKO, le club a cr\u00e9\u00e9 sa propre boutique o\u00f9 chacun peut commander et r\u00e9gler  directement en ligne.<\/p>\n\n\n\n<p>C&rsquo;est simple, s\u00e9curis\u00e9 et rapide !<\/p>\n\n\n\n<p>N&rsquo;h\u00e9sitez pas \u00e0 aller faire un tour sur celle-ci :<\/p>\n\n\n\n<p><a href=\"https:\/\/team.jako.fr\/fr\/team\/avenir_tennis_de_table_ducey_avranches\/\" target=\"_blank\" rel=\"noreferrer noopener\">https:\/\/team.jako.fr\/fr\/team\/avenir_tennis_de_table_ducey_avranches\/<\/a><\/p>\n\n\n\n<p class=\"has-primary-color has-text-color\">YY<\/p>\n\n\n\n<figure class=\"wp-block-image size-large is-resized\"><img loading=\"lazy\" decoding=\"async\" src=\"https:\/\/attducey-avranches.fr\/wp-content\/uploads\/2023\/06\/Capture-1024x671.jpg\" alt=\"\" class=\"wp-image-705\" width=\"650\" height=\"425\" srcset=\"https:\/\/attducey-avranches.fr\/wp-content\/uploads\/2023\/06\/Capture-1024x671.jpg 1024w, https:\/\/attducey-avranches.fr\/wp-content\/uploads\/2023\/06\/Capture-300x197.jpg 300w, https:\/\/attducey-avranches.fr\/wp-content\/uploads\/2023\/06\/Capture.jpg 1272w\" sizes=\"auto, (max-width: 650px) 100vw, 650px\" \/><\/figure>\n\n\n\n<figure class=\"wp-block-image size-large\"><img loading=\"lazy\" decoding=\"async\" width=\"1024\" height=\"659\" src=\"https:\/\/attducey-avranches.fr\/wp-content\/uploads\/2023\/06\/Capture2-1024x659.jpg\" alt=\"\" class=\"wp-image-703\" srcset=\"https:\/\/attducey-avranches.fr\/wp-content\/uploads\/2023\/06\/Capture2-1024x659.jpg 1024w, https:\/\/attducey-avranches.fr\/wp-content\/uploads\/2023\/06\/Capture2-300x193.jpg 300w, https:\/\/attducey-avranches.fr\/wp-content\/uploads\/2023\/06\/Capture2-768x494.jpg 768w, https:\/\/attducey-avranches.fr\/wp-content\/uploads\/2023\/06\/Capture2.jpg 1295w\" sizes=\"auto, (max-width: 1024px) 100vw, 1024px\" \/><\/figure>\n\n\n\n<figure class=\"wp-block-image size-large\"><img loading=\"lazy\" decoding=\"async\" width=\"1024\" height=\"337\" src=\"https:\/\/attducey-avranches.fr\/wp-content\/uploads\/2023\/06\/Capture3-1024x337.jpg\" alt=\"\" class=\"wp-image-704\" srcset=\"https:\/\/attducey-avranches.fr\/wp-content\/uploads\/2023\/06\/Capture3-1024x337.jpg 1024w, https:\/\/attducey-avranches.fr\/wp-content\/uploads\/2023\/06\/Capture3-300x99.jpg 300w, https:\/\/attducey-avranches.fr\/wp-content\/uploads\/2023\/06\/Capture3-768x253.jpg 768w, https:\/\/attducey-avranches.fr\/wp-content\/uploads\/2023\/06\/Capture3.jpg 1317w\" sizes=\"auto, (max-width: 1024px) 100vw, 1024px\" \/><\/figure>\n","protected":false},"excerpt":{"rendered":"<p>yy\/ En partenariat avec le magasin Sport &amp; co Avranches et la marque JAKO, le club a cr\u00e9\u00e9 sa propre boutique o\u00f9 chacun peut commander et r\u00e9gler directement en ligne. C&rsquo;est simple, s\u00e9curis\u00e9 et rapide ! N&rsquo;h\u00e9sitez pas \u00e0 aller faire un tour sur celle-ci : https:\/\/team.jako.fr\/fr\/team\/avenir_tennis_de_table_ducey_avranches\/ YY<\/p>\n","protected":false},"author":2,"featured_media":0,"parent":0,"menu_order":0,"comment_status":"closed","ping_status":"closed","template":"","meta":{"footnotes":""},"class_list":["post-694","page","type-page","status-publish","hentry"],"jetpack-related-posts":[{"id":262,"url":"https:\/\/attducey-avranches.fr\/index.php\/competitions\/statistiques-individuelles\/","url_meta":{"origin":694,"position":0},"title":"Statistiques individuelles","author":"J\u00e9r\u00e9my Gloria","date":"15 juillet 2022","format":false,"excerpt":"Retrouvez les performances de tous nos comp\u00e9titeurs en championnats par \u00e9quipes et individuelles YY Nombre de victoires par journ\u00e9e YY statsT\u00e9l\u00e9charger YY Perfs' YY perfsT\u00e9l\u00e9charger YY Pourcentage de victoires YY invinciT\u00e9l\u00e9charger YY Progressions mensuelles \/ annuelles YY progressT\u00e9l\u00e9charger","rel":"","context":"Article similaire","block_context":{"text":"Article similaire","link":""},"img":{"alt_text":"","src":"","width":0,"height":0},"classes":[]},{"id":356,"url":"https:\/\/attducey-avranches.fr\/index.php\/infos-pratiques\/356-2\/","url_meta":{"origin":694,"position":1},"title":"Merci \u00e0 nos soutiens !","author":"J\u00e9r\u00e9my Gloria","date":"18 juillet 2022","format":false,"excerpt":"MERCI A NOS SOUTIENS ! YY Les partenaires priv\u00e9s Partenaire mat\u00e9riel TT YY Partenaires boissons YY Partenaires consommables lors des manifestations YY Partenaire maillots (championnat par \u00e9quipes adultes et jeunes en comp\u00e9titions) YY Partenaire maillots (championnat par \u00e9quipes adultes) YY Partenaire sonorisation lors des manifestations YY Partenaire maillot jeunes et\u2026","rel":"","context":"Article similaire","block_context":{"text":"Article similaire","link":""},"img":{"alt_text":"","src":"https:\/\/i0.wp.com\/attducey-avranches.fr\/wp-content\/uploads\/2022\/07\/logo-fftt-150x150.png?resize=350%2C200&ssl=1","width":350,"height":200},"classes":[]},{"id":342,"url":"https:\/\/attducey-avranches.fr\/index.php\/infos-pratiques\/","url_meta":{"origin":694,"position":2},"title":"INFOS PRATIQUES","author":"J\u00e9r\u00e9my Gloria","date":"18 juillet 2022","format":false,"excerpt":"NOUS CONTACTER YY SECTION LOISIRS YY CALENDRIER 2025-2026 YY LIENS UTILES YY","rel":"","context":"Article similaire","block_context":{"text":"Article similaire","link":""},"img":{"alt_text":"","src":"","width":0,"height":0},"classes":[]},{"id":738,"url":"https:\/\/attducey-avranches.fr\/index.php\/tournois-a-venir\/","url_meta":{"origin":694,"position":3},"title":"Tournois \u00e0 venir","author":"J\u00e9r\u00e9my Gloria","date":"8 septembre 2023","format":false,"excerpt":"yy Liste des prochains tournois : Cormelles le Royal (01 et 02\/11\/2025) : YY US Cherbourg (21\/12\/2025) : YY YY Retrouvez tous les Tournois et l'actualit\u00e9 du ping sur www.tennis2table.com !","rel":"","context":"Article similaire","block_context":{"text":"Article similaire","link":""},"img":{"alt_text":"","src":"https:\/\/i0.wp.com\/attducey-avranches.fr\/wp-content\/uploads\/2025\/10\/565757844_1387837506460639_5804374008237297337_n-150x150.jpg?resize=350%2C200&ssl=1","width":350,"height":200,"srcset":"https:\/\/i0.wp.com\/attducey-avranches.fr\/wp-content\/uploads\/2025\/10\/565757844_1387837506460639_5804374008237297337_n-150x150.jpg?resize=350%2C200&ssl=1 1x, https:\/\/i0.wp.com\/attducey-avranches.fr\/wp-content\/uploads\/2025\/10\/565757844_1387837506460639_5804374008237297337_n-150x150.jpg?resize=525%2C300&ssl=1 1.5x, https:\/\/i0.wp.com\/attducey-avranches.fr\/wp-content\/uploads\/2025\/10\/565757844_1387837506460639_5804374008237297337_n-150x150.jpg?resize=700%2C400&ssl=1 2x, https:\/\/i0.wp.com\/attducey-avranches.fr\/wp-content\/uploads\/2025\/10\/565757844_1387837506460639_5804374008237297337_n-150x150.jpg?resize=1050%2C600&ssl=1 3x"},"classes":[]},{"id":239,"url":"https:\/\/attducey-avranches.fr\/index.php\/competitions\/","url_meta":{"origin":694,"position":4},"title":"COMPETITIONS","author":"J\u00e9r\u00e9my Gloria","date":"15 juillet 2022","format":false,"excerpt":"STATS INDIVIDUELLES CHAMPIONNAT PAR EQUIPES CHAMPIONNAT INDIVIDUEL YY YY COUPES","rel":"","context":"Article similaire","block_context":{"text":"Article similaire","link":""},"img":{"alt_text":"","src":"","width":0,"height":0},"classes":[]},{"id":241,"url":"https:\/\/attducey-avranches.fr\/index.php\/competitions\/championnat-par-equipes\/","url_meta":{"origin":694,"position":5},"title":"Championnat par \u00e9quipes","author":"J\u00e9r\u00e9my Gloria","date":"15 juillet 2022","format":false,"excerpt":"Retrouvez chaque semaine les diff\u00e9rents r\u00e9sultats de nos \u00e9quipes r\u00e9gionales, d\u00e9partementales et jeunes YY R\u00e9sultats et classements YY R2 (1) R3 (2) D1 (3) D1 (4) D2 (5) D2 (6) D2 (7) D2 (8) D3 (9) D3 (10) D3 (11) D4 (12) YY Compositions des \u00e9quipes YY equipe 2025-2026 P2T\u00e9l\u00e9charger\u2026","rel":"","context":"Article similaire","block_context":{"text":"Article similaire","link":""},"img":{"alt_text":"","src":"https:\/\/i0.wp.com\/attducey-avranches.fr\/wp-content\/uploads\/2025\/10\/d1.jpeg?resize=350%2C200&ssl=1","width":350,"height":200,"srcset":"https:\/\/i0.wp.com\/attducey-avranches.fr\/wp-content\/uploads\/2025\/10\/d1.jpeg?resize=350%2C200&ssl=1 1x, https:\/\/i0.wp.com\/attducey-avranches.fr\/wp-content\/uploads\/2025\/10\/d1.jpeg?resize=525%2C300&ssl=1 1.5x, https:\/\/i0.wp.com\/attducey-avranches.fr\/wp-content\/uploads\/2025\/10\/d1.jpeg?resize=700%2C400&ssl=1 2x, https:\/\/i0.wp.com\/attducey-avranches.fr\/wp-content\/uploads\/2025\/10\/d1.jpeg?resize=1050%2C600&ssl=1 3x, https:\/\/i0.wp.com\/attducey-avranches.fr\/wp-content\/uploads\/2025\/10\/d1.jpeg?resize=1400%2C800&ssl=1 4x"},"classes":[]}],"jetpack_sharing_enabled":true,"_links":{"self":[{"href":"https:\/\/attducey-avranches.fr\/index.php\/wp-json\/wp\/v2\/pages\/694","targetHints":{"allow":["GET"]}}],"collection":[{"href":"https:\/\/attducey-avranches.fr\/index.php\/wp-json\/wp\/v2\/pages"}],"about":[{"href":"https:\/\/attducey-avranches.fr\/index.php\/wp-json\/wp\/v2\/types\/page"}],"author":[{"embeddable":true,"href":"https:\/\/attducey-avranches.fr\/index.php\/wp-json\/wp\/v2\/users\/2"}],"replies":[{"embeddable":true,"href":"https:\/\/attducey-avranches.fr\/index.php\/wp-json\/wp\/v2\/comments?post=694"}],"version-history":[{"count":5,"href":"https:\/\/attducey-avranches.fr\/index.php\/wp-json\/wp\/v2\/pages\/694\/revisions"}],"predecessor-version":[{"id":707,"href":"https:\/\/attducey-avranches.fr\/index.php\/wp-json\/wp\/v2\/pages\/694\/revisions\/707"}],"wp:attachment":[{"href":"https:\/\/attducey-avranches.fr\/index.php\/wp-json\/wp\/v2\/media?parent=694"}],"curies":[{"name":"wp","href":"https:\/\/api.w.org\/{rel}","templated":true}]}}