{"id":599,"date":"2022-10-12T16:04:06","date_gmt":"2022-10-12T14:04:06","guid":{"rendered":"https:\/\/attducey-avranches.fr\/?page_id=599"},"modified":"2022-10-12T16:15:20","modified_gmt":"2022-10-12T14:15:20","slug":"section-loisirs","status":"publish","type":"page","link":"https:\/\/attducey-avranches.fr\/index.php\/infos-pratiques\/section-loisirs\/","title":{"rendered":"Section Loisirs"},"content":{"rendered":"\n<p class=\"has-secondary-color has-text-color\">Le club compte une trentaine de joueurs \u00e9voluant en loisirs, sans comp\u00e9tition. Ils sont licenci\u00e9s au club comme les joueurs \u00e9voluant en comp\u00e9tition et donc, possiblement \u00e9galement b\u00e9n\u00e9voles de l&rsquo;association.<\/p>\n\n\n\n<p class=\"has-secondary-color has-text-color\">Les cr\u00e9neaux d&rsquo;entrainement sont :<\/p>\n\n\n\n<ul class=\"has-secondary-color has-text-color wp-block-list\"><li>le mardi de 19h \u00e0 21h (avec le groupe \u00ab\u00a0comp\u00e9titions\u00a0\u00bb) au Gymnase Ren\u00e9 Hardy de Ducey<\/li><li>le mercredi de 17h \u00e0 18h15 dans la salle de Tennis de Table du Lyc\u00e9e Littr\u00e9 \u00e0 Avranches<\/li><li>autre cr\u00e9neau sur Ducey en accord avec le responsable<\/li><\/ul>\n\n\n\n<p class=\"has-secondary-color has-text-color\">Pour une demande d&rsquo;adh\u00e9sion ou d&rsquo;information, voir avec le responsable de la Section Loisirs, G\u00e9rard ALLAIN au 06.04.45.52.02 (Tarif licence : 55 \u20ac)<\/p>\n\n\n\n<p class=\"has-secondary-color has-text-color\">Site Internet de la section : <a href=\"https:\/\/pingloisirsducey.jimdofree.com\/le-club\/\" target=\"_blank\" rel=\"noreferrer noopener\">https:\/\/pingloisirsducey.jimdofree.com\/le-club\/<\/a><\/p>\n\n\n\n<figure class=\"wp-block-image size-full\"><img loading=\"lazy\" decoding=\"async\" width=\"920\" height=\"613\" src=\"https:\/\/attducey-avranches.fr\/wp-content\/uploads\/2022\/10\/loisirs.jpg\" alt=\"\" class=\"wp-image-601\" srcset=\"https:\/\/attducey-avranches.fr\/wp-content\/uploads\/2022\/10\/loisirs.jpg 920w, https:\/\/attducey-avranches.fr\/wp-content\/uploads\/2022\/10\/loisirs-300x200.jpg 300w, https:\/\/attducey-avranches.fr\/wp-content\/uploads\/2022\/10\/loisirs-768x512.jpg 768w\" sizes=\"auto, (max-width: 920px) 100vw, 920px\" \/><\/figure>\n","protected":false},"excerpt":{"rendered":"<p>Le club compte une trentaine de joueurs \u00e9voluant en loisirs, sans comp\u00e9tition. Ils sont licenci\u00e9s au club comme les joueurs \u00e9voluant en comp\u00e9tition et donc, possiblement \u00e9galement b\u00e9n\u00e9voles de l&rsquo;association. Les cr\u00e9neaux d&rsquo;entrainement sont : le mardi de 19h \u00e0 21h (avec le groupe \u00ab\u00a0comp\u00e9titions\u00a0\u00bb) au Gymnase Ren\u00e9 Hardy de Ducey le mercredi de 17h [&hellip;]<\/p>\n","protected":false},"author":2,"featured_media":0,"parent":342,"menu_order":1,"comment_status":"closed","ping_status":"closed","template":"","meta":{"footnotes":""},"class_list":["post-599","page","type-page","status-publish","hentry"],"jetpack-related-posts":[{"id":223,"url":"https:\/\/attducey-avranches.fr\/index.php\/le-club\/historique\/","url_meta":{"origin":599,"position":0},"title":"Historique","author":"J\u00e9r\u00e9my Gloria","date":"13 juillet 2022","format":false,"excerpt":"Pr\u00e9sentation\u00a0: Le club de Tennis de Table Ducey\/Avranches a \u00e9t\u00e9 cr\u00e9\u00e9 en Mai 2018 suite \u00e0 la fusion des clubs de l\u2019ATT Ducey et de l\u2019Entente St Senier\/Avranches. Il comprend aujourd\u2019hui environ 170 licenci\u00e9s, soit le 2e total le plus \u00e9lev\u00e9 parmi les 51 clubs de la Manche. 17 personnes\u2026","rel":"","context":"Article similaire","block_context":{"text":"Article similaire","link":""},"img":{"alt_text":"","src":"https:\/\/i0.wp.com\/attducey-avranches.fr\/wp-content\/uploads\/2023\/12\/D3S.jpg?resize=350%2C200&ssl=1","width":350,"height":200,"srcset":"https:\/\/i0.wp.com\/attducey-avranches.fr\/wp-content\/uploads\/2023\/12\/D3S.jpg?resize=350%2C200&ssl=1 1x, https:\/\/i0.wp.com\/attducey-avranches.fr\/wp-content\/uploads\/2023\/12\/D3S.jpg?resize=525%2C300&ssl=1 1.5x, https:\/\/i0.wp.com\/attducey-avranches.fr\/wp-content\/uploads\/2023\/12\/D3S.jpg?resize=700%2C400&ssl=1 2x, https:\/\/i0.wp.com\/attducey-avranches.fr\/wp-content\/uploads\/2023\/12\/D3S.jpg?resize=1050%2C600&ssl=1 3x, https:\/\/i0.wp.com\/attducey-avranches.fr\/wp-content\/uploads\/2023\/12\/D3S.jpg?resize=1400%2C800&ssl=1 4x"},"classes":[]},{"id":228,"url":"https:\/\/attducey-avranches.fr\/","url_meta":{"origin":599,"position":1},"title":"Inscriptions 2025-2026","author":"J\u00e9r\u00e9my Gloria","date":"15 juillet 2022","format":false,"excerpt":"INSCRIPTIONS Nous avons le plaisir de vous informer que les inscriptions pour cette nouvelle saison sont ouvertes ! Vous trouverez toutes les informations plus bas, nous serions ravis de vous accueillir au sein du club ! D\u00e9j\u00e0 licenci\u00e9 la saison derni\u00e8re ? Vous pouvez faire votre renouvellement de licence sur\u2026","rel":"","context":"Article similaire","block_context":{"text":"Article similaire","link":""},"img":{"alt_text":"","src":"","width":0,"height":0},"classes":[]},{"id":342,"url":"https:\/\/attducey-avranches.fr\/index.php\/infos-pratiques\/","url_meta":{"origin":599,"position":2},"title":"INFOS PRATIQUES","author":"J\u00e9r\u00e9my Gloria","date":"18 juillet 2022","format":false,"excerpt":"NOUS CONTACTER YY SECTION LOISIRS YY CALENDRIER 2025-2026 YY LIENS UTILES YY","rel":"","context":"Article similaire","block_context":{"text":"Article similaire","link":""},"img":{"alt_text":"","src":"","width":0,"height":0},"classes":[]},{"id":324,"url":"https:\/\/attducey-avranches.fr\/index.php\/competitions\/coupes\/","url_meta":{"origin":599,"position":3},"title":"Coupe de la Manche 2024-2025","author":"J\u00e9r\u00e9my Gloria","date":"15 juillet 2022","format":false,"excerpt":"3 \u00e9quipes du club \u00e9taient engag\u00e9es cette saison en Coupe de la Manche L'\u00e9quipe 1 \u00e9tait compos\u00e9e de J\u00e9r\u00e9my GLORIA et Joris ANNE. Apr\u00e8s un parcours quasi sans-faute, les 2 joueurs se sont inclin\u00e9es en demi-finales contre JS Carantilly (2-3) ; ils repartent donc avec une belle m\u00e9daille de bronze\u2026","rel":"","context":"Article similaire","block_context":{"text":"Article similaire","link":""},"img":{"alt_text":"","src":"","width":0,"height":0},"classes":[]},{"id":375,"url":"https:\/\/attducey-avranches.fr\/index.php\/organisations\/challenge-att-2021-2022\/","url_meta":{"origin":599,"position":4},"title":"Challenge ATT 2023-2024","author":"J\u00e9r\u00e9my Gloria","date":"18 juillet 2022","format":false,"excerpt":"L'objectif est de cr\u00e9er une comp\u00e9tition interne sur toute la dur\u00e9e de la saison en faisant participer tous les joueurs du club avec un handicap de points selon le classement de chacun. Les r\u00e9sultats R\u00e8glement \u2013 Tableau des \u00e9carts - Tableau global Matchs disput\u00e9s \u2013 Classement Rencontres \u00e2prement disput\u00e9es entre\u2026","rel":"","context":"Article similaire","block_context":{"text":"Article similaire","link":""},"img":{"alt_text":"","src":"https:\/\/i0.wp.com\/attducey-avranches.fr\/wp-content\/uploads\/2023\/11\/20230912_195800.jpg?resize=350%2C200&ssl=1","width":350,"height":200,"srcset":"https:\/\/i0.wp.com\/attducey-avranches.fr\/wp-content\/uploads\/2023\/11\/20230912_195800.jpg?resize=350%2C200&ssl=1 1x, https:\/\/i0.wp.com\/attducey-avranches.fr\/wp-content\/uploads\/2023\/11\/20230912_195800.jpg?resize=525%2C300&ssl=1 1.5x, https:\/\/i0.wp.com\/attducey-avranches.fr\/wp-content\/uploads\/2023\/11\/20230912_195800.jpg?resize=700%2C400&ssl=1 2x, https:\/\/i0.wp.com\/attducey-avranches.fr\/wp-content\/uploads\/2023\/11\/20230912_195800.jpg?resize=1050%2C600&ssl=1 3x, https:\/\/i0.wp.com\/attducey-avranches.fr\/wp-content\/uploads\/2023\/11\/20230912_195800.jpg?resize=1400%2C800&ssl=1 4x"},"classes":[]},{"id":1357,"url":"https:\/\/attducey-avranches.fr\/index.php\/coupe-att-2025-2026\/","url_meta":{"origin":599,"position":5},"title":"Coupe ATT 2025-2026","author":"J\u00e9r\u00e9my Gloria","date":"25 novembre 2025","format":false,"excerpt":"La Coupe ATT est une nouvelle comp\u00e9tition interne organis\u00e9e par l\u2019ATT Ducey Avranches. Elle a pour but de rassembler les joueurs du club autour d\u2019un esprit de convivialit\u00e9, de partage et de sportivit\u00e9, tout en proposant des rencontres \u00e9quilibr\u00e9es et disput\u00e9es. -> R\u00e8glement -> Poules et r\u00e9sultats -> Tableau final","rel":"","context":"Article similaire","block_context":{"text":"Article similaire","link":""},"img":{"alt_text":"","src":"","width":0,"height":0},"classes":[]}],"jetpack_sharing_enabled":true,"_links":{"self":[{"href":"https:\/\/attducey-avranches.fr\/index.php\/wp-json\/wp\/v2\/pages\/599","targetHints":{"allow":["GET"]}}],"collection":[{"href":"https:\/\/attducey-avranches.fr\/index.php\/wp-json\/wp\/v2\/pages"}],"about":[{"href":"https:\/\/attducey-avranches.fr\/index.php\/wp-json\/wp\/v2\/types\/page"}],"author":[{"embeddable":true,"href":"https:\/\/attducey-avranches.fr\/index.php\/wp-json\/wp\/v2\/users\/2"}],"replies":[{"embeddable":true,"href":"https:\/\/attducey-avranches.fr\/index.php\/wp-json\/wp\/v2\/comments?post=599"}],"version-history":[{"count":3,"href":"https:\/\/attducey-avranches.fr\/index.php\/wp-json\/wp\/v2\/pages\/599\/revisions"}],"predecessor-version":[{"id":606,"href":"https:\/\/attducey-avranches.fr\/index.php\/wp-json\/wp\/v2\/pages\/599\/revisions\/606"}],"up":[{"embeddable":true,"href":"https:\/\/attducey-avranches.fr\/index.php\/wp-json\/wp\/v2\/pages\/342"}],"wp:attachment":[{"href":"https:\/\/attducey-avranches.fr\/index.php\/wp-json\/wp\/v2\/media?parent=599"}],"curies":[{"name":"wp","href":"https:\/\/api.w.org\/{rel}","templated":true}]}}