{"id":565,"date":"2022-10-11T15:41:32","date_gmt":"2022-10-11T13:41:32","guid":{"rendered":"https:\/\/attducey-avranches.fr\/?page_id=565"},"modified":"2024-01-15T12:38:15","modified_gmt":"2024-01-15T11:38:15","slug":"departementale-3-6","status":"publish","type":"page","link":"https:\/\/attducey-avranches.fr\/index.php\/departementale-3-6\/","title":{"rendered":"D\u00e9partementale 2 (6)"},"content":{"rendered":"\n<p><\/p>\n\n\n\n<p class=\"has-secondary-color has-text-color\">Calendrier<\/p>\n\n\n\n<div data-wp-interactive=\"core\/file\" class=\"wp-block-file\"><object data-wp-bind--hidden=\"!state.hasPdfPreview\" hidden class=\"wp-block-file__embed\" data=\"https:\/\/attducey-avranches.fr\/wp-content\/uploads\/2024\/01\/D2-5-6.pdf\" type=\"application\/pdf\" style=\"width:100%;height:600px\" aria-label=\"Contenu embarqu\u00e9 D2 (5) (6).\"><\/object><a id=\"wp-block-file--media-00497e01-f967-4c05-ad75-a560318cb331\" href=\"https:\/\/attducey-avranches.fr\/wp-content\/uploads\/2024\/01\/D2-5-6.pdf\">D2 (5) (6)<\/a><a href=\"https:\/\/attducey-avranches.fr\/wp-content\/uploads\/2024\/01\/D2-5-6.pdf\" class=\"wp-block-file__button wp-element-button\" download aria-describedby=\"wp-block-file--media-00497e01-f967-4c05-ad75-a560318cb331\">T\u00e9l\u00e9charger<\/a><\/div>\n","protected":false},"excerpt":{"rendered":"<p>Calendrier<\/p>\n","protected":false},"author":2,"featured_media":0,"parent":0,"menu_order":0,"comment_status":"closed","ping_status":"closed","template":"","meta":{"footnotes":""},"class_list":["post-565","page","type-page","status-publish","hentry"],"jetpack-related-posts":[{"id":562,"url":"https:\/\/attducey-avranches.fr\/index.php\/departementale-2-5\/","url_meta":{"origin":565,"position":0},"title":"D\u00e9partementale 2 (5)","author":"J\u00e9r\u00e9my Gloria","date":"11 octobre 2022","format":false,"excerpt":"Calendrier D2 (5) (6)T\u00e9l\u00e9charger","rel":"","context":"Article similaire","block_context":{"text":"Article similaire","link":""},"img":{"alt_text":"","src":"","width":0,"height":0},"classes":[]},{"id":567,"url":"https:\/\/attducey-avranches.fr\/index.php\/departementale-3-7\/","url_meta":{"origin":565,"position":1},"title":"D\u00e9partementale 2 (7)","author":"J\u00e9r\u00e9my Gloria","date":"11 octobre 2022","format":false,"excerpt":"Calendrier D2 (7)T\u00e9l\u00e9charger","rel":"","context":"Article similaire","block_context":{"text":"Article similaire","link":""},"img":{"alt_text":"","src":"https:\/\/i0.wp.com\/attducey-avranches.fr\/wp-content\/uploads\/2022\/08\/IMG_20220304_203635_3CS11.jpg?resize=350%2C200&ssl=1","width":350,"height":200,"srcset":"https:\/\/i0.wp.com\/attducey-avranches.fr\/wp-content\/uploads\/2022\/08\/IMG_20220304_203635_3CS11.jpg?resize=350%2C200&ssl=1 1x, https:\/\/i0.wp.com\/attducey-avranches.fr\/wp-content\/uploads\/2022\/08\/IMG_20220304_203635_3CS11.jpg?resize=525%2C300&ssl=1 1.5x"},"classes":[]},{"id":241,"url":"https:\/\/attducey-avranches.fr\/index.php\/competitions\/championnat-par-equipes\/","url_meta":{"origin":565,"position":2},"title":"Championnat par \u00e9quipes","author":"J\u00e9r\u00e9my Gloria","date":"15 juillet 2022","format":false,"excerpt":"Retrouvez chaque semaine les diff\u00e9rents r\u00e9sultats de nos \u00e9quipes r\u00e9gionales, d\u00e9partementales et jeunes YY R\u00e9sultats et classements YY R2 (1) R3 (2) D1 (3) D1 (4) D2 (5) D2 (6) D2 (7) D2 (8) D3 (9) D3 (10) D3 (11) D4 (12) YY Compositions des \u00e9quipes YY equipe 2025-2026 P2T\u00e9l\u00e9charger\u2026","rel":"","context":"Article similaire","block_context":{"text":"Article similaire","link":""},"img":{"alt_text":"","src":"https:\/\/i0.wp.com\/attducey-avranches.fr\/wp-content\/uploads\/2025\/10\/d1.jpeg?resize=350%2C200&ssl=1","width":350,"height":200,"srcset":"https:\/\/i0.wp.com\/attducey-avranches.fr\/wp-content\/uploads\/2025\/10\/d1.jpeg?resize=350%2C200&ssl=1 1x, https:\/\/i0.wp.com\/attducey-avranches.fr\/wp-content\/uploads\/2025\/10\/d1.jpeg?resize=525%2C300&ssl=1 1.5x, https:\/\/i0.wp.com\/attducey-avranches.fr\/wp-content\/uploads\/2025\/10\/d1.jpeg?resize=700%2C400&ssl=1 2x, https:\/\/i0.wp.com\/attducey-avranches.fr\/wp-content\/uploads\/2025\/10\/d1.jpeg?resize=1050%2C600&ssl=1 3x, https:\/\/i0.wp.com\/attducey-avranches.fr\/wp-content\/uploads\/2025\/10\/d1.jpeg?resize=1400%2C800&ssl=1 4x"},"classes":[]},{"id":541,"url":"https:\/\/attducey-avranches.fr\/index.php\/departementale-1-2\/","url_meta":{"origin":565,"position":3},"title":"D\u00e9partementale 1 (2)","author":"J\u00e9r\u00e9my Gloria","date":"10 octobre 2022","format":false,"excerpt":"C Calendrier D1 (2) (4)T\u00e9l\u00e9charger","rel":"","context":"Article similaire","block_context":{"text":"Article similaire","link":""},"img":{"alt_text":"","src":"https:\/\/i0.wp.com\/attducey-avranches.fr\/wp-content\/uploads\/2023\/09\/IMG-20230908-WA0002.jpg?resize=350%2C200&ssl=1","width":350,"height":200,"srcset":"https:\/\/i0.wp.com\/attducey-avranches.fr\/wp-content\/uploads\/2023\/09\/IMG-20230908-WA0002.jpg?resize=350%2C200&ssl=1 1x, https:\/\/i0.wp.com\/attducey-avranches.fr\/wp-content\/uploads\/2023\/09\/IMG-20230908-WA0002.jpg?resize=525%2C300&ssl=1 1.5x, https:\/\/i0.wp.com\/attducey-avranches.fr\/wp-content\/uploads\/2023\/09\/IMG-20230908-WA0002.jpg?resize=700%2C400&ssl=1 2x, https:\/\/i0.wp.com\/attducey-avranches.fr\/wp-content\/uploads\/2023\/09\/IMG-20230908-WA0002.jpg?resize=1050%2C600&ssl=1 3x, https:\/\/i0.wp.com\/attducey-avranches.fr\/wp-content\/uploads\/2023\/09\/IMG-20230908-WA0002.jpg?resize=1400%2C800&ssl=1 4x"},"classes":[]},{"id":560,"url":"https:\/\/attducey-avranches.fr\/index.php\/departementale-2-4\/","url_meta":{"origin":565,"position":4},"title":"D\u00e9partementale 1 (4)","author":"J\u00e9r\u00e9my Gloria","date":"11 octobre 2022","format":false,"excerpt":"Calendrier D1 (2) (4)T\u00e9l\u00e9charger","rel":"","context":"Article similaire","block_context":{"text":"Article similaire","link":""},"img":{"alt_text":"","src":"","width":0,"height":0},"classes":[]},{"id":557,"url":"https:\/\/attducey-avranches.fr\/index.php\/departementale-2-3\/","url_meta":{"origin":565,"position":5},"title":"D\u00e9partementale 1 (3)","author":"J\u00e9r\u00e9my Gloria","date":"11 octobre 2022","format":false,"excerpt":"Calendrier D1(3)T\u00e9l\u00e9charger","rel":"","context":"Article similaire","block_context":{"text":"Article similaire","link":""},"img":{"alt_text":"","src":"","width":0,"height":0},"classes":[]}],"jetpack_sharing_enabled":true,"_links":{"self":[{"href":"https:\/\/attducey-avranches.fr\/index.php\/wp-json\/wp\/v2\/pages\/565","targetHints":{"allow":["GET"]}}],"collection":[{"href":"https:\/\/attducey-avranches.fr\/index.php\/wp-json\/wp\/v2\/pages"}],"about":[{"href":"https:\/\/attducey-avranches.fr\/index.php\/wp-json\/wp\/v2\/types\/page"}],"author":[{"embeddable":true,"href":"https:\/\/attducey-avranches.fr\/index.php\/wp-json\/wp\/v2\/users\/2"}],"replies":[{"embeddable":true,"href":"https:\/\/attducey-avranches.fr\/index.php\/wp-json\/wp\/v2\/comments?post=565"}],"version-history":[{"count":4,"href":"https:\/\/attducey-avranches.fr\/index.php\/wp-json\/wp\/v2\/pages\/565\/revisions"}],"predecessor-version":[{"id":936,"href":"https:\/\/attducey-avranches.fr\/index.php\/wp-json\/wp\/v2\/pages\/565\/revisions\/936"}],"wp:attachment":[{"href":"https:\/\/attducey-avranches.fr\/index.php\/wp-json\/wp\/v2\/media?parent=565"}],"curies":[{"name":"wp","href":"https:\/\/api.w.org\/{rel}","templated":true}]}}