{"id":484,"date":"2022-10-07T12:53:19","date_gmt":"2022-10-07T10:53:19","guid":{"rendered":"https:\/\/attducey-avranches.fr\/?page_id=484"},"modified":"2023-09-08T17:00:55","modified_gmt":"2023-09-08T15:00:55","slug":"archives","status":"publish","type":"page","link":"https:\/\/attducey-avranches.fr\/index.php\/archives\/","title":{"rendered":"ARCHIVES"},"content":{"rendered":"\n<p class=\"has-secondary-color has-text-color has-medium-font-size\"><a href=\"https:\/\/attducey-avranches.fr\/index.php\/archives\/saison-2022-2023\/\">Saison 2022-2023<\/a><\/p>\n\n\n\n<p>Saison 2021-2022<\/p>\n\n\n\n<p>Saison 2020-2021<\/p>\n","protected":false},"excerpt":{"rendered":"<p>Saison 2022-2023 Saison 2021-2022 Saison 2020-2021<\/p>\n","protected":false},"author":2,"featured_media":0,"parent":0,"menu_order":0,"comment_status":"closed","ping_status":"closed","template":"","meta":{"footnotes":""},"class_list":["post-484","page","type-page","status-publish","hentry"],"jetpack-related-posts":[{"id":751,"url":"https:\/\/attducey-avranches.fr\/index.php\/archives\/saison-2022-2023\/","url_meta":{"origin":484,"position":0},"title":"Saison 2022-2023","author":"J\u00e9r\u00e9my Gloria","date":"8 septembre 2023","format":false,"excerpt":"Les compos de l'\u00e9poque equipes 2022-2023 P1T\u00e9l\u00e9charger equipes 2022-2023 P2T\u00e9l\u00e9charger Les stats de l'\u00e9poque Stats 2022-2023T\u00e9l\u00e9charger ProgressionsT\u00e9l\u00e9charger PerfsT\u00e9l\u00e9charger Invincibilit\u00e9T\u00e9l\u00e9charger Les r\u00e9sultats individuels de l'\u00e9poque R\u00e9sultats CF CircuitT\u00e9l\u00e9charger On avait pas chom\u00e9... On avait parl\u00e9 de nous... Actu'Ping 50 - Crit\u00e9rium F\u00e9d\u00e9ral - 15 octobre 2022T\u00e9l\u00e9charger","rel":"","context":"Article similaire","block_context":{"text":"Article similaire","link":""},"img":{"alt_text":"","src":"https:\/\/i0.wp.com\/attducey-avranches.fr\/wp-content\/uploads\/2022\/10\/Affiche.jpg?resize=350%2C200&ssl=1","width":350,"height":200,"srcset":"https:\/\/i0.wp.com\/attducey-avranches.fr\/wp-content\/uploads\/2022\/10\/Affiche.jpg?resize=350%2C200&ssl=1 1x, https:\/\/i0.wp.com\/attducey-avranches.fr\/wp-content\/uploads\/2022\/10\/Affiche.jpg?resize=525%2C300&ssl=1 1.5x"},"classes":[]},{"id":375,"url":"https:\/\/attducey-avranches.fr\/index.php\/organisations\/challenge-att-2021-2022\/","url_meta":{"origin":484,"position":1},"title":"Challenge ATT 2023-2024","author":"J\u00e9r\u00e9my Gloria","date":"18 juillet 2022","format":false,"excerpt":"L'objectif est de cr\u00e9er une comp\u00e9tition interne sur toute la dur\u00e9e de la saison en faisant participer tous les joueurs du club avec un handicap de points selon le classement de chacun. Les r\u00e9sultats R\u00e8glement \u2013 Tableau des \u00e9carts - Tableau global Matchs disput\u00e9s \u2013 Classement Rencontres \u00e2prement disput\u00e9es entre\u2026","rel":"","context":"Article similaire","block_context":{"text":"Article similaire","link":""},"img":{"alt_text":"","src":"https:\/\/i0.wp.com\/attducey-avranches.fr\/wp-content\/uploads\/2023\/11\/20230912_195800.jpg?resize=350%2C200&ssl=1","width":350,"height":200,"srcset":"https:\/\/i0.wp.com\/attducey-avranches.fr\/wp-content\/uploads\/2023\/11\/20230912_195800.jpg?resize=350%2C200&ssl=1 1x, https:\/\/i0.wp.com\/attducey-avranches.fr\/wp-content\/uploads\/2023\/11\/20230912_195800.jpg?resize=525%2C300&ssl=1 1.5x, https:\/\/i0.wp.com\/attducey-avranches.fr\/wp-content\/uploads\/2023\/11\/20230912_195800.jpg?resize=700%2C400&ssl=1 2x, https:\/\/i0.wp.com\/attducey-avranches.fr\/wp-content\/uploads\/2023\/11\/20230912_195800.jpg?resize=1050%2C600&ssl=1 3x, https:\/\/i0.wp.com\/attducey-avranches.fr\/wp-content\/uploads\/2023\/11\/20230912_195800.jpg?resize=1400%2C800&ssl=1 4x"},"classes":[]},{"id":1130,"url":"https:\/\/attducey-avranches.fr\/index.php\/saison-2023-2024\/","url_meta":{"origin":484,"position":2},"title":"Saison 2023-2024","author":"J\u00e9r\u00e9my Gloria","date":"1 octobre 2024","format":false,"excerpt":"Les compos de l\u2019\u00e9poque equipes 2023-2024 P1T\u00e9l\u00e9charger equipes 2023-2024 P2T\u00e9l\u00e9charger Les stats de l'\u00e9poque Stats 2023-2024T\u00e9l\u00e9charger perfsT\u00e9l\u00e9charger Invincibilit\u00e9T\u00e9l\u00e9charger ProgressionsT\u00e9l\u00e9charger Les r\u00e9sultats individuels de l'\u00e9poque Bilan CFT\u00e9l\u00e9charger Bilan CJET\u00e9l\u00e9charger ClassementT\u00e9l\u00e9charger On avait pas chom\u00e9...","rel":"","context":"Article similaire","block_context":{"text":"Article similaire","link":""},"img":{"alt_text":"","src":"","width":0,"height":0},"classes":[]},{"id":228,"url":"https:\/\/attducey-avranches.fr\/","url_meta":{"origin":484,"position":3},"title":"Inscriptions 2025-2026","author":"J\u00e9r\u00e9my Gloria","date":"15 juillet 2022","format":false,"excerpt":"INSCRIPTIONS Nous avons le plaisir de vous informer que les inscriptions pour cette nouvelle saison sont ouvertes ! Vous trouverez toutes les informations plus bas, nous serions ravis de vous accueillir au sein du club ! D\u00e9j\u00e0 licenci\u00e9 la saison derni\u00e8re ? Vous pouvez faire votre renouvellement de licence sur\u2026","rel":"","context":"Article similaire","block_context":{"text":"Article similaire","link":""},"img":{"alt_text":"","src":"","width":0,"height":0},"classes":[]},{"id":215,"url":"https:\/\/attducey-avranches.fr\/index.php\/le-club\/","url_meta":{"origin":484,"position":4},"title":"LE CLUB","author":"J\u00e9r\u00e9my Gloria","date":"13 juillet 2022","format":false,"excerpt":"Inscriptions 2022-2023 Historique Le bureau Statuts","rel":"","context":"Article similaire","block_context":{"text":"Article similaire","link":""},"img":{"alt_text":"","src":"","width":0,"height":0},"classes":[]},{"id":386,"url":"https:\/\/attducey-avranches.fr\/index.php\/organisations\/criterium-federal-n2-ducey\/","url_meta":{"origin":484,"position":5},"title":"Crit\u00e9rium F\u00e9d\u00e9ral N2 Ducey &#8211; 1er tour 2022-2023","author":"J\u00e9r\u00e9my Gloria","date":"19 juillet 2022","format":false,"excerpt":"Le 1er tour du Crit\u00e9rium F\u00e9d\u00e9ral N2 (zone 6) se d\u00e9roule les 15 et 16 octobre 2022 \u00e0 Ducey-Les Ch\u00e9ris (50). Vous trouverez ci-apr\u00e8s l\u2019ensemble des documents utiles pour le suivi de la comp\u00e9tition. Convocation et horaire g\u00e9n\u00e9ral au format PDFListe des joueurs -15, -13 et -11 (samedi) en PDFListe\u2026","rel":"","context":"Article similaire","block_context":{"text":"Article similaire","link":""},"img":{"alt_text":"","src":"https:\/\/i0.wp.com\/attducey-avranches.fr\/wp-content\/uploads\/2022\/06\/Complexe_Rene_Hardy_Ducey_Les_Cheris_2_web-150x150.jpg?resize=350%2C200&ssl=1","width":350,"height":200},"classes":[]}],"jetpack_sharing_enabled":true,"_links":{"self":[{"href":"https:\/\/attducey-avranches.fr\/index.php\/wp-json\/wp\/v2\/pages\/484","targetHints":{"allow":["GET"]}}],"collection":[{"href":"https:\/\/attducey-avranches.fr\/index.php\/wp-json\/wp\/v2\/pages"}],"about":[{"href":"https:\/\/attducey-avranches.fr\/index.php\/wp-json\/wp\/v2\/types\/page"}],"author":[{"embeddable":true,"href":"https:\/\/attducey-avranches.fr\/index.php\/wp-json\/wp\/v2\/users\/2"}],"replies":[{"embeddable":true,"href":"https:\/\/attducey-avranches.fr\/index.php\/wp-json\/wp\/v2\/comments?post=484"}],"version-history":[{"count":5,"href":"https:\/\/attducey-avranches.fr\/index.php\/wp-json\/wp\/v2\/pages\/484\/revisions"}],"predecessor-version":[{"id":760,"href":"https:\/\/attducey-avranches.fr\/index.php\/wp-json\/wp\/v2\/pages\/484\/revisions\/760"}],"wp:attachment":[{"href":"https:\/\/attducey-avranches.fr\/index.php\/wp-json\/wp\/v2\/media?parent=484"}],"curies":[{"name":"wp","href":"https:\/\/api.w.org\/{rel}","templated":true}]}}