{"id":375,"date":"2022-07-18T15:06:10","date_gmt":"2022-07-18T13:06:10","guid":{"rendered":"https:\/\/attducey-avranches.fr\/?page_id=375"},"modified":"2024-05-07T16:53:03","modified_gmt":"2024-05-07T14:53:03","slug":"challenge-att-2021-2022","status":"publish","type":"page","link":"https:\/\/attducey-avranches.fr\/index.php\/organisations\/challenge-att-2021-2022\/","title":{"rendered":"Challenge ATT 2023-2024"},"content":{"rendered":"\n<p>L&rsquo;objectif est de cr\u00e9er une comp\u00e9tition interne sur toute la dur\u00e9e de la saison en faisant participer tous les joueurs du club avec un handicap de points selon le classement de chacun.<br><\/p>\n\n\n\n<h2 class=\"wp-block-heading\">Les r\u00e9sultats<\/h2>\n\n\n\n<p><a href=\"https:\/\/attducey-avranches.fr\/wp-content\/uploads\/2023\/10\/CHALLENGE-Reglement.pdf\" target=\"_blank\" rel=\"noreferrer noopener\">R\u00e8glement<\/a> \u2013 <a href=\"https:\/\/attducey-avranches.fr\/wp-content\/uploads\/2024\/02\/Tableau-ecarts.pdf\" target=\"_blank\" rel=\"noreferrer noopener\">Tableau des \u00e9carts<\/a> &#8211; <a href=\"https:\/\/attducey-avranches.fr\/wp-content\/uploads\/2024\/05\/Tableau-global.pdf\" target=\"_blank\" rel=\"noreferrer noopener\">Tableau global<\/a><\/p>\n\n\n\n<p><a href=\"https:\/\/attducey-avranches.fr\/wp-content\/uploads\/2024\/05\/Matchs-disputes.pdf2024\/02\/Matchs-disputes.pdf\" target=\"_blank\" rel=\"noreferrer noopener\">Matchs disput\u00e9s<\/a> \u2013 <a href=\"https:\/\/attducey-avranches.fr\/wp-content\/uploads\/2024\/05\/Classement.pdf\" target=\"_blank\" rel=\"noreferrer noopener\">Classement<\/a><\/p>\n\n\n\n<figure class=\"wp-block-image size-full\"><img loading=\"lazy\" decoding=\"async\" width=\"2000\" height=\"1500\" src=\"https:\/\/attducey-avranches.fr\/wp-content\/uploads\/2023\/11\/20230912_195800.jpg\" alt=\"\" class=\"wp-image-836\" srcset=\"https:\/\/attducey-avranches.fr\/wp-content\/uploads\/2023\/11\/20230912_195800.jpg 2000w, https:\/\/attducey-avranches.fr\/wp-content\/uploads\/2023\/11\/20230912_195800-300x225.jpg 300w, https:\/\/attducey-avranches.fr\/wp-content\/uploads\/2023\/11\/20230912_195800-1024x768.jpg 1024w, https:\/\/attducey-avranches.fr\/wp-content\/uploads\/2023\/11\/20230912_195800-768x576.jpg 768w, https:\/\/attducey-avranches.fr\/wp-content\/uploads\/2023\/11\/20230912_195800-1536x1152.jpg 1536w\" sizes=\"auto, (max-width: 2000px) 100vw, 2000px\" \/><figcaption class=\"wp-element-caption\"><mark style=\"background-color:rgba(0, 0, 0, 0)\" class=\"has-inline-color has-secondary-color\">Rencontres \u00e2prement disput\u00e9es entre joueurs du Challenge !<\/mark><\/figcaption><\/figure>\n\n\n\n<div data-wp-interactive=\"core\/file\" class=\"wp-block-file\"><object data-wp-bind--hidden=\"!state.hasPdfPreview\" hidden class=\"wp-block-file__embed\" data=\"https:\/\/attducey-avranches.fr\/wp-content\/uploads\/2024\/05\/Tableau-global.pdf\" type=\"application\/pdf\" style=\"width:100%;height:600px\" aria-label=\"Contenu embarqu\u00e9 Tableau global.\"><\/object><a id=\"wp-block-file--media-629afc91-92b3-47d3-9fd2-d7d7eba88006\" href=\"https:\/\/attducey-avranches.fr\/wp-content\/uploads\/2024\/05\/Tableau-global.pdf\">Tableau global<\/a><a href=\"https:\/\/attducey-avranches.fr\/wp-content\/uploads\/2024\/05\/Tableau-global.pdf\" class=\"wp-block-file__button wp-element-button\" download aria-describedby=\"wp-block-file--media-629afc91-92b3-47d3-9fd2-d7d7eba88006\">T\u00e9l\u00e9charger<\/a><\/div>\n","protected":false},"excerpt":{"rendered":"<p>L&rsquo;objectif est de cr\u00e9er une comp\u00e9tition interne sur toute la dur\u00e9e de la saison en faisant participer tous les joueurs du club avec un handicap de points selon le classement de chacun. Les r\u00e9sultats R\u00e8glement \u2013 Tableau des \u00e9carts &#8211; Tableau global Matchs disput\u00e9s \u2013 Classement<\/p>\n","protected":false},"author":2,"featured_media":0,"parent":312,"menu_order":4,"comment_status":"closed","ping_status":"closed","template":"","meta":{"footnotes":""},"class_list":["post-375","page","type-page","status-publish","hentry"],"jetpack-related-posts":[{"id":386,"url":"https:\/\/attducey-avranches.fr\/index.php\/organisations\/criterium-federal-n2-ducey\/","url_meta":{"origin":375,"position":0},"title":"Crit\u00e9rium F\u00e9d\u00e9ral N2 Ducey &#8211; 1er tour 2022-2023","author":"J\u00e9r\u00e9my Gloria","date":"19 juillet 2022","format":false,"excerpt":"Le 1er tour du Crit\u00e9rium F\u00e9d\u00e9ral N2 (zone 6) se d\u00e9roule les 15 et 16 octobre 2022 \u00e0 Ducey-Les Ch\u00e9ris (50). Vous trouverez ci-apr\u00e8s l\u2019ensemble des documents utiles pour le suivi de la comp\u00e9tition. Convocation et horaire g\u00e9n\u00e9ral au format PDFListe des joueurs -15, -13 et -11 (samedi) en PDFListe\u2026","rel":"","context":"Article similaire","block_context":{"text":"Article similaire","link":""},"img":{"alt_text":"","src":"https:\/\/i0.wp.com\/attducey-avranches.fr\/wp-content\/uploads\/2022\/06\/Complexe_Rene_Hardy_Ducey_Les_Cheris_2_web-150x150.jpg?resize=350%2C200&ssl=1","width":350,"height":200},"classes":[]},{"id":16,"url":"https:\/\/attducey-avranches.fr\/index.php\/infos-pratiques\/347-2\/finales-federales-par-classement\/","url_meta":{"origin":375,"position":1},"title":"Finales f\u00e9d\u00e9rales par classement 2022","author":"J\u00e9r\u00e9my Gloria","date":"22 juin 2022","format":false,"excerpt":"Les finales f\u00e9d\u00e9rales par classement se sont d\u00e9roul\u00e9es les 25 et 26 juin 2022 \u00e0 Ducey-Les Ch\u00e9ris (50). Vous trouverez ci-apr\u00e8s l'ensemble des documents utiles pour le suivi de la comp\u00e9tition. Listes des joueurs au format Excel L'horaire g\u00e9n\u00e9ral de la comp\u00e9tition en PDFLe dossier d'accueil Ducey les Ch\u00e9ris en\u2026","rel":"","context":"Article similaire","block_context":{"text":"Article similaire","link":""},"img":{"alt_text":"","src":"https:\/\/i0.wp.com\/attducey-avranches.fr\/wp-content\/uploads\/2022\/06\/facebook_1655466206098_69435285301055785501689-150x150.jpg?resize=350%2C200&ssl=1","width":350,"height":200,"srcset":"https:\/\/i0.wp.com\/attducey-avranches.fr\/wp-content\/uploads\/2022\/06\/facebook_1655466206098_69435285301055785501689-150x150.jpg?resize=350%2C200&ssl=1 1x, https:\/\/i0.wp.com\/attducey-avranches.fr\/wp-content\/uploads\/2022\/06\/facebook_1655466206098_69435285301055785501689-150x150.jpg?resize=525%2C300&ssl=1 1.5x, https:\/\/i0.wp.com\/attducey-avranches.fr\/wp-content\/uploads\/2022\/06\/facebook_1655466206098_69435285301055785501689-150x150.jpg?resize=700%2C400&ssl=1 2x, https:\/\/i0.wp.com\/attducey-avranches.fr\/wp-content\/uploads\/2022\/06\/facebook_1655466206098_69435285301055785501689-150x150.jpg?resize=1050%2C600&ssl=1 3x"},"classes":[]},{"id":305,"url":"https:\/\/attducey-avranches.fr\/index.php\/organisations\/tournoi-national-ducey-2022\/","url_meta":{"origin":375,"position":2},"title":"Tournoi National Ducey 2026","author":"J\u00e9r\u00e9my Gloria","date":"15 juillet 2022","format":false,"excerpt":"La 48e \u00e9dition du Tournoi National de Ducey s'est d\u00e9roul\u00e9 le Vendredi 1er Mai 2026 \u00e0 Ducey-Les Ch\u00e9ris (50) Vous trouverez ci-apr\u00e8s l'ensemble des documents utiles pour le suivi de la comp\u00e9tition. Le r\u00e8glement du tournoi avec les dotations par tableau en PDF La feuille d'inscriptions en PDF La liste\u2026","rel":"","context":"Article similaire","block_context":{"text":"Article similaire","link":""},"img":{"alt_text":"","src":"https:\/\/i0.wp.com\/attducey-avranches.fr\/wp-content\/uploads\/2026\/02\/affiche-tournoi-2026-version-2.jpg?resize=350%2C200&ssl=1","width":350,"height":200,"srcset":"https:\/\/i0.wp.com\/attducey-avranches.fr\/wp-content\/uploads\/2026\/02\/affiche-tournoi-2026-version-2.jpg?resize=350%2C200&ssl=1 1x, https:\/\/i0.wp.com\/attducey-avranches.fr\/wp-content\/uploads\/2026\/02\/affiche-tournoi-2026-version-2.jpg?resize=525%2C300&ssl=1 1.5x, https:\/\/i0.wp.com\/attducey-avranches.fr\/wp-content\/uploads\/2026\/02\/affiche-tournoi-2026-version-2.jpg?resize=700%2C400&ssl=1 2x, https:\/\/i0.wp.com\/attducey-avranches.fr\/wp-content\/uploads\/2026\/02\/affiche-tournoi-2026-version-2.jpg?resize=1050%2C600&ssl=1 3x"},"classes":[]},{"id":330,"url":"https:\/\/attducey-avranches.fr\/index.php\/tournoi-corpo\/","url_meta":{"origin":375,"position":3},"title":"Tournoi Corpo","author":"J\u00e9r\u00e9my Gloria","date":"15 juillet 2022","format":false,"excerpt":"Retrouvez toutes les informations concernant le tournoi inter-entreprises 2026 R\u00e9glement et inscriptions Lettre reprise tournoi 2026T\u00e9l\u00e9charger YY R\u00e9sultats Tableau final principalT\u00e9l\u00e9charger Tableau final compl\u00e9mentaireT\u00e9l\u00e9charger AB POST remporte le tournoi inter-entreprises 2022 !","rel":"","context":"Article similaire","block_context":{"text":"Article similaire","link":""},"img":{"alt_text":"","src":"https:\/\/i0.wp.com\/attducey-avranches.fr\/wp-content\/uploads\/2022\/07\/279700436_7460779833995302_7056679787076959918_n.jpg?resize=350%2C200&ssl=1","width":350,"height":200,"srcset":"https:\/\/i0.wp.com\/attducey-avranches.fr\/wp-content\/uploads\/2022\/07\/279700436_7460779833995302_7056679787076959918_n.jpg?resize=350%2C200&ssl=1 1x, https:\/\/i0.wp.com\/attducey-avranches.fr\/wp-content\/uploads\/2022\/07\/279700436_7460779833995302_7056679787076959918_n.jpg?resize=525%2C300&ssl=1 1.5x, https:\/\/i0.wp.com\/attducey-avranches.fr\/wp-content\/uploads\/2022\/07\/279700436_7460779833995302_7056679787076959918_n.jpg?resize=700%2C400&ssl=1 2x"},"classes":[]},{"id":1357,"url":"https:\/\/attducey-avranches.fr\/index.php\/coupe-att-2025-2026\/","url_meta":{"origin":375,"position":4},"title":"Coupe ATT 2025-2026","author":"J\u00e9r\u00e9my Gloria","date":"25 novembre 2025","format":false,"excerpt":"La Coupe ATT est une nouvelle comp\u00e9tition interne organis\u00e9e par l\u2019ATT Ducey Avranches. Elle a pour but de rassembler les joueurs du club autour d\u2019un esprit de convivialit\u00e9, de partage et de sportivit\u00e9, tout en proposant des rencontres \u00e9quilibr\u00e9es et disput\u00e9es. -> R\u00e8glement -> Poules et r\u00e9sultats -> Tableau final","rel":"","context":"Article similaire","block_context":{"text":"Article similaire","link":""},"img":{"alt_text":"","src":"","width":0,"height":0},"classes":[]}],"jetpack_sharing_enabled":true,"_links":{"self":[{"href":"https:\/\/attducey-avranches.fr\/index.php\/wp-json\/wp\/v2\/pages\/375","targetHints":{"allow":["GET"]}}],"collection":[{"href":"https:\/\/attducey-avranches.fr\/index.php\/wp-json\/wp\/v2\/pages"}],"about":[{"href":"https:\/\/attducey-avranches.fr\/index.php\/wp-json\/wp\/v2\/types\/page"}],"author":[{"embeddable":true,"href":"https:\/\/attducey-avranches.fr\/index.php\/wp-json\/wp\/v2\/users\/2"}],"replies":[{"embeddable":true,"href":"https:\/\/attducey-avranches.fr\/index.php\/wp-json\/wp\/v2\/comments?post=375"}],"version-history":[{"count":23,"href":"https:\/\/attducey-avranches.fr\/index.php\/wp-json\/wp\/v2\/pages\/375\/revisions"}],"predecessor-version":[{"id":1071,"href":"https:\/\/attducey-avranches.fr\/index.php\/wp-json\/wp\/v2\/pages\/375\/revisions\/1071"}],"up":[{"embeddable":true,"href":"https:\/\/attducey-avranches.fr\/index.php\/wp-json\/wp\/v2\/pages\/312"}],"wp:attachment":[{"href":"https:\/\/attducey-avranches.fr\/index.php\/wp-json\/wp\/v2\/media?parent=375"}],"curies":[{"name":"wp","href":"https:\/\/api.w.org\/{rel}","templated":true}]}}