{"id":356,"date":"2022-07-18T12:50:47","date_gmt":"2022-07-18T10:50:47","guid":{"rendered":"https:\/\/attducey-avranches.fr\/?page_id=356"},"modified":"2025-10-28T16:51:47","modified_gmt":"2025-10-28T15:51:47","slug":"356-2","status":"publish","type":"page","link":"https:\/\/attducey-avranches.fr\/index.php\/infos-pratiques\/356-2\/","title":{"rendered":"Merci \u00e0 nos soutiens !"},"content":{"rendered":"\n<div class=\"wp-block-cover alignwide is-light\" style=\"min-height:156px;aspect-ratio:unset;\"><img decoding=\"async\" class=\"wp-block-cover__image-background wp-image-954\" alt=\"\" src=\"https:\/\/orvaultsporttennisdetable.files.wordpress.com\/2021\/03\/banniere-accueil-petite-3.png?resize=750%2C156\" style=\"object-position:50% 50%\" data-object-fit=\"cover\" data-object-position=\"50% 50%\"\/><span aria-hidden=\"true\" class=\"wp-block-cover__background has-background-dim\"><\/span><div class=\"wp-block-cover__inner-container is-layout-flow wp-block-cover-is-layout-flow\">\n<p class=\"has-text-align-center has-background-color has-text-color has-x-large-font-size\" style=\"line-height:1.5\"><strong>MERCI A NOS SOUTIENS !<\/strong><\/p>\n<\/div><\/div>\n\n\n\n<p class=\"has-primary-color has-text-color\">YY<\/p>\n\n\n\n<p class=\"has-large-font-size\"><strong><mark style=\"background-color:rgba(0, 0, 0, 0)\" class=\"has-inline-color has-secondary-color\">Les partenaires priv\u00e9s<\/mark><\/strong><\/p>\n\n\n\n<div class=\"wp-block-columns is-layout-flex wp-container-core-columns-is-layout-28f84493 wp-block-columns-is-layout-flex\">\n<div class=\"wp-block-column is-layout-flow wp-block-column-is-layout-flow\">\n<figure class=\"wp-block-gallery has-nested-images columns-1 wp-block-gallery-1 is-layout-flex wp-block-gallery-is-layout-flex\">\n<figure class=\"wp-block-image size-thumbnail\"><img loading=\"lazy\" decoding=\"async\" width=\"150\" height=\"150\" data-id=\"581\" src=\"https:\/\/attducey-avranches.fr\/wp-content\/uploads\/2022\/10\/cj-ping-150x150.png\" alt=\"\" class=\"wp-image-581\" srcset=\"https:\/\/attducey-avranches.fr\/wp-content\/uploads\/2022\/10\/cj-ping-150x150.png 150w, https:\/\/attducey-avranches.fr\/wp-content\/uploads\/2022\/10\/cj-ping.png 225w\" sizes=\"auto, (max-width: 150px) 100vw, 150px\" \/><figcaption class=\"wp-element-caption\"><mark style=\"background-color:rgba(0, 0, 0, 0)\" class=\"has-inline-color has-secondary-color\">Partenaire mat\u00e9riel TT<\/mark><\/figcaption><\/figure>\n<\/figure>\n<\/div>\n<\/div>\n\n\n\n<p class=\"has-primary-color has-text-color has-link-color wp-elements-482ab52a03b2bdb7afbfaaca8431c65d\">YY<\/p>\n\n\n\n<figure class=\"wp-block-image size-medium\"><a href=\"https:\/\/www.avranchesboissonsdistributiondelabaie.com\/Avranches_boissons.html\"><img loading=\"lazy\" decoding=\"async\" width=\"300\" height=\"99\" src=\"https:\/\/attducey-avranches.fr\/wp-content\/uploads\/2022\/10\/Logo-BDB-300x99.jpg\" alt=\"\" class=\"wp-image-585\" srcset=\"https:\/\/attducey-avranches.fr\/wp-content\/uploads\/2022\/10\/Logo-BDB-300x99.jpg 300w, https:\/\/attducey-avranches.fr\/wp-content\/uploads\/2022\/10\/Logo-BDB-1024x338.jpg 1024w, https:\/\/attducey-avranches.fr\/wp-content\/uploads\/2022\/10\/Logo-BDB-768x254.jpg 768w, https:\/\/attducey-avranches.fr\/wp-content\/uploads\/2022\/10\/Logo-BDB.jpg 1180w\" sizes=\"auto, (max-width: 300px) 100vw, 300px\" \/><\/a><figcaption class=\"wp-element-caption\"><mark style=\"background-color:rgba(0, 0, 0, 0)\" class=\"has-inline-color has-secondary-color\">Partenaires boissons<\/mark><\/figcaption><\/figure>\n\n\n\n<p class=\"has-primary-color has-text-color has-link-color wp-elements-482ab52a03b2bdb7afbfaaca8431c65d\">YY<\/p>\n\n\n\n<figure class=\"wp-block-image size-medium\"><img loading=\"lazy\" decoding=\"async\" width=\"300\" height=\"102\" src=\"https:\/\/attducey-avranches.fr\/wp-content\/uploads\/2022\/10\/logo-intermarche-avranches-300x102.png\" alt=\"\" class=\"wp-image-586\" srcset=\"https:\/\/attducey-avranches.fr\/wp-content\/uploads\/2022\/10\/logo-intermarche-avranches-300x102.png 300w, https:\/\/attducey-avranches.fr\/wp-content\/uploads\/2022\/10\/logo-intermarche-avranches.png 641w\" sizes=\"auto, (max-width: 300px) 100vw, 300px\" \/><figcaption class=\"wp-element-caption\"><mark style=\"background-color:rgba(0, 0, 0, 0)\" class=\"has-inline-color has-secondary-color\">Partenaires consommables lors des manifestations<\/mark><\/figcaption><\/figure>\n\n\n\n<p class=\"has-primary-color has-text-color has-link-color wp-elements-482ab52a03b2bdb7afbfaaca8431c65d\">YY<\/p>\n\n\n\n<div class=\"wp-block-columns is-layout-flex wp-container-core-columns-is-layout-28f84493 wp-block-columns-is-layout-flex\">\n<div class=\"wp-block-column is-layout-flow wp-block-column-is-layout-flow\" style=\"flex-basis:100%\">\n<div class=\"wp-block-group is-layout-constrained wp-block-group-is-layout-constrained\">\n<figure class=\"wp-block-image\"><img loading=\"lazy\" decoding=\"async\" width=\"180\" height=\"180\" src=\"https:\/\/attducey-avranches.fr\/wp-content\/uploads\/2025\/10\/M-Sthil-vert-et-jaune.png\" alt=\"\" class=\"wp-image-1329\" srcset=\"https:\/\/attducey-avranches.fr\/wp-content\/uploads\/2025\/10\/M-Sthil-vert-et-jaune.png 180w, https:\/\/attducey-avranches.fr\/wp-content\/uploads\/2025\/10\/M-Sthil-vert-et-jaune-150x150.png 150w\" sizes=\"auto, (max-width: 180px) 100vw, 180px\" \/><\/figure>\n<\/div>\n<\/div>\n<\/div>\n\n\n\n<p class=\"has-text-align-center\" style=\"font-size:0.8rem\"><mark style=\"background-color:rgba(0, 0, 0, 0)\" class=\"has-inline-color has-secondary-color\">Partenaire maillots (championnat par \u00e9quipes adultes et jeunes en comp\u00e9titions<\/mark>)<\/p>\n\n\n\n<p class=\"has-primary-color has-text-color has-link-color wp-elements-482ab52a03b2bdb7afbfaaca8431c65d\">YY<\/p>\n\n\n\n<figure class=\"wp-block-image size-full is-resized\"><img loading=\"lazy\" decoding=\"async\" width=\"500\" height=\"150\" src=\"https:\/\/attducey-avranches.fr\/wp-content\/uploads\/2025\/10\/miroiterie-mont-st-michel.png\" alt=\"\" class=\"wp-image-1328\" style=\"width:313px;height:auto\" srcset=\"https:\/\/attducey-avranches.fr\/wp-content\/uploads\/2025\/10\/miroiterie-mont-st-michel.png 500w, https:\/\/attducey-avranches.fr\/wp-content\/uploads\/2025\/10\/miroiterie-mont-st-michel-300x90.png 300w\" sizes=\"auto, (max-width: 500px) 100vw, 500px\" \/><\/figure>\n\n\n\n<p class=\"has-text-align-center\" style=\"font-size:0.9rem\"><mark style=\"background-color:rgba(0, 0, 0, 0)\" class=\"has-inline-color has-secondary-color\">Partenaire maillots (championnat par \u00e9quipes adultes<\/mark>)<\/p>\n\n\n\n<p class=\"has-primary-color has-text-color has-link-color wp-elements-482ab52a03b2bdb7afbfaaca8431c65d\">YY<\/p>\n\n\n\n<div class=\"wp-block-group is-layout-constrained wp-block-group-is-layout-constrained\">\n<figure class=\"wp-block-image size-thumbnail\"><img decoding=\"async\" src=\"https:\/\/attducey-avranches.fr\/wp-content\/uploads\/2022\/10\/sono-150x150.jpg\" alt=\"\" class=\"wp-image-587\"\/><figcaption class=\"wp-element-caption\"><mark style=\"background-color:rgba(0, 0, 0, 0)\" class=\"has-inline-color has-secondary-color\">Partenaire sonorisation lors des manifestations<\/mark><\/figcaption><\/figure>\n<\/div>\n\n\n\n<p class=\"has-primary-color has-text-color has-link-color wp-elements-482ab52a03b2bdb7afbfaaca8431c65d\">YY<\/p>\n\n\n\n<figure class=\"wp-block-image size-thumbnail\"><img loading=\"lazy\" decoding=\"async\" width=\"150\" height=\"150\" src=\"https:\/\/attducey-avranches.fr\/wp-content\/uploads\/2022\/10\/ca-150x150.png\" alt=\"\" class=\"wp-image-590\" srcset=\"https:\/\/attducey-avranches.fr\/wp-content\/uploads\/2022\/10\/ca-150x150.png 150w, https:\/\/attducey-avranches.fr\/wp-content\/uploads\/2022\/10\/ca.png 225w\" sizes=\"auto, (max-width: 150px) 100vw, 150px\" \/><figcaption class=\"wp-element-caption\"><mark style=\"background-color:rgba(0, 0, 0, 0)\" class=\"has-inline-color has-secondary-color\">Partenaire maillot jeunes et \u00e9v\u00e8nement<\/mark>s<\/figcaption><\/figure>\n\n\n\n<p class=\"has-primary-color has-text-color\">YY<\/p>\n\n\n\n<p class=\"has-large-font-size\"><mark style=\"background-color:rgba(0, 0, 0, 0)\" class=\"has-inline-color has-secondary-color\"><strong>Les institutions f\u00e9d\u00e9rales<\/strong><\/mark><\/p>\n\n\n\n<figure class=\"wp-block-gallery has-nested-images columns-default is-cropped wp-block-gallery-2 is-layout-flex wp-block-gallery-is-layout-flex\">\n<figure class=\"wp-block-image size-large\"><a href=\"https:\/\/www.fftt.com\/site\/\"><img loading=\"lazy\" decoding=\"async\" width=\"206\" height=\"175\" data-id=\"357\" src=\"https:\/\/attducey-avranches.fr\/wp-content\/uploads\/2022\/07\/logo-fftt.png\" alt=\"\" class=\"wp-image-357\"\/><\/a><figcaption class=\"wp-element-caption\">F\u00e9d\u00e9ration Fran\u00e7aise TT<\/figcaption><\/figure>\n\n\n\n<figure class=\"wp-block-image size-large\"><a href=\"https:\/\/www.ligue-normandie-tt.fr\/\"><img loading=\"lazy\" decoding=\"async\" width=\"1024\" height=\"578\" data-id=\"358\" src=\"https:\/\/attducey-avranches.fr\/wp-content\/uploads\/2022\/07\/LogoLNTT.jpg\" alt=\"\" class=\"wp-image-358\" srcset=\"https:\/\/attducey-avranches.fr\/wp-content\/uploads\/2022\/07\/LogoLNTT.jpg 1024w, https:\/\/attducey-avranches.fr\/wp-content\/uploads\/2022\/07\/LogoLNTT-300x169.jpg 300w, https:\/\/attducey-avranches.fr\/wp-content\/uploads\/2022\/07\/LogoLNTT-768x434.jpg 768w\" sizes=\"auto, (max-width: 1024px) 100vw, 1024px\" \/><\/a><figcaption class=\"wp-element-caption\">Ligue de Normandie TT<\/figcaption><\/figure>\n\n\n\n<figure class=\"wp-block-image size-full\"><a href=\"https:\/\/www.cdtt50.com\/\"><img loading=\"lazy\" decoding=\"async\" width=\"485\" height=\"178\" data-id=\"359\" src=\"https:\/\/attducey-avranches.fr\/wp-content\/uploads\/2022\/07\/CDTT50.jpg\" alt=\"\" class=\"wp-image-359\" srcset=\"https:\/\/attducey-avranches.fr\/wp-content\/uploads\/2022\/07\/CDTT50.jpg 485w, https:\/\/attducey-avranches.fr\/wp-content\/uploads\/2022\/07\/CDTT50-300x110.jpg 300w\" sizes=\"auto, (max-width: 485px) 100vw, 485px\" \/><\/a><figcaption class=\"wp-element-caption\">Comit\u00e9 de la Manche TT<\/figcaption><\/figure>\n<\/figure>\n\n\n\n<p class=\"has-primary-color has-text-color\">YY<\/p>\n\n\n\n<p class=\"has-secondary-color has-text-color has-large-font-size\"><strong>Les partenaires publics<\/strong><\/p>\n\n\n\n<figure class=\"wp-block-gallery has-nested-images columns-default is-cropped wp-block-gallery-3 is-layout-flex wp-block-gallery-is-layout-flex\">\n<figure class=\"wp-block-image size-large\"><a href=\"https:\/\/www.avranches.fr\/\"><img loading=\"lazy\" decoding=\"async\" width=\"328\" height=\"328\" data-id=\"592\" src=\"https:\/\/attducey-avranches.fr\/wp-content\/uploads\/2022\/10\/logo-avranches.jpg\" alt=\"\" class=\"wp-image-592\" srcset=\"https:\/\/attducey-avranches.fr\/wp-content\/uploads\/2022\/10\/logo-avranches.jpg 328w, https:\/\/attducey-avranches.fr\/wp-content\/uploads\/2022\/10\/logo-avranches-300x300.jpg 300w, https:\/\/attducey-avranches.fr\/wp-content\/uploads\/2022\/10\/logo-avranches-150x150.jpg 150w\" sizes=\"auto, (max-width: 328px) 100vw, 328px\" \/><\/a><figcaption class=\"wp-element-caption\"><mark style=\"background-color:rgba(0, 0, 0, 0)\" class=\"has-inline-color has-secondary-color\">Mairie d&rsquo;Avranches-St Martin<\/mark><\/figcaption><\/figure>\n\n\n\n<figure class=\"wp-block-image size-thumbnail\"><a href=\"https:\/\/ducey.fr\/\"><img loading=\"lazy\" decoding=\"async\" width=\"150\" height=\"150\" data-id=\"591\" src=\"https:\/\/attducey-avranches.fr\/wp-content\/uploads\/2022\/10\/logo_ducey-150x150.jpg\" alt=\"\" class=\"wp-image-591\"\/><\/a><figcaption class=\"wp-element-caption\"><mark style=\"background-color:rgba(0, 0, 0, 0)\" class=\"has-inline-color has-secondary-color\">Mairie Ducey-Les Ch\u00e9ris<\/mark><\/figcaption><\/figure>\n<\/figure>\n","protected":false},"excerpt":{"rendered":"<p>YY Les partenaires priv\u00e9s YY YY YY Partenaire maillots (championnat par \u00e9quipes adultes et jeunes en comp\u00e9titions) YY Partenaire maillots (championnat par \u00e9quipes adultes) YY YY YY Les institutions f\u00e9d\u00e9rales YY Les partenaires publics<\/p>\n","protected":false},"author":2,"featured_media":0,"parent":342,"menu_order":2,"comment_status":"closed","ping_status":"closed","template":"","meta":{"footnotes":""},"class_list":["post-356","page","type-page","status-publish","hentry"],"jetpack-related-posts":[{"id":305,"url":"https:\/\/attducey-avranches.fr\/index.php\/organisations\/tournoi-national-ducey-2022\/","url_meta":{"origin":356,"position":0},"title":"Tournoi National Ducey 2026","author":"J\u00e9r\u00e9my Gloria","date":"15 juillet 2022","format":false,"excerpt":"La 48e \u00e9dition du Tournoi National de Ducey s'est d\u00e9roul\u00e9 le Vendredi 1er Mai 2026 \u00e0 Ducey-Les Ch\u00e9ris (50) Vous trouverez ci-apr\u00e8s l'ensemble des documents utiles pour le suivi de la comp\u00e9tition. Le r\u00e8glement du tournoi avec les dotations par tableau en PDF La feuille d'inscriptions en PDF La liste\u2026","rel":"","context":"Article similaire","block_context":{"text":"Article similaire","link":""},"img":{"alt_text":"","src":"https:\/\/i0.wp.com\/attducey-avranches.fr\/wp-content\/uploads\/2026\/02\/affiche-tournoi-2026-version-2.jpg?resize=350%2C200&ssl=1","width":350,"height":200,"srcset":"https:\/\/i0.wp.com\/attducey-avranches.fr\/wp-content\/uploads\/2026\/02\/affiche-tournoi-2026-version-2.jpg?resize=350%2C200&ssl=1 1x, https:\/\/i0.wp.com\/attducey-avranches.fr\/wp-content\/uploads\/2026\/02\/affiche-tournoi-2026-version-2.jpg?resize=525%2C300&ssl=1 1.5x, https:\/\/i0.wp.com\/attducey-avranches.fr\/wp-content\/uploads\/2026\/02\/affiche-tournoi-2026-version-2.jpg?resize=700%2C400&ssl=1 2x, https:\/\/i0.wp.com\/attducey-avranches.fr\/wp-content\/uploads\/2026\/02\/affiche-tournoi-2026-version-2.jpg?resize=1050%2C600&ssl=1 3x"},"classes":[]},{"id":274,"url":"https:\/\/attducey-avranches.fr\/index.php\/competitions\/resultats-criterium-federal-et-circuit-jeunes\/","url_meta":{"origin":356,"position":1},"title":"Comp\u00e9titions individuelles","author":"J\u00e9r\u00e9my Gloria","date":"15 juillet 2022","format":false,"excerpt":"Crit\u00e9rium F\u00e9d\u00e9ral Le week-end dernier se disputait le 4e et dernier tour du Crit\u00e9rium F\u00e9d\u00e9ral. En r\u00e9gional Minimes \u00e0 St Pierre les Elbeuf, Aristide ROC termine \u00e0 la 7\u00e8me place juste devant son co\u00e9quipier Rapha\u00ebl RUEN, 8\u00e8me. On retrouvera nos 2 minimes la saison prochaine \u00e0 ce niveau ! En\u2026","rel":"","context":"Article similaire","block_context":{"text":"Article similaire","link":""},"img":{"alt_text":"","src":"https:\/\/i0.wp.com\/attducey-avranches.fr\/wp-content\/uploads\/2025\/11\/589412539_4146203838979670_8783073855463419709_n.jpg?resize=350%2C200&ssl=1","width":350,"height":200,"srcset":"https:\/\/i0.wp.com\/attducey-avranches.fr\/wp-content\/uploads\/2025\/11\/589412539_4146203838979670_8783073855463419709_n.jpg?resize=350%2C200&ssl=1 1x, https:\/\/i0.wp.com\/attducey-avranches.fr\/wp-content\/uploads\/2025\/11\/589412539_4146203838979670_8783073855463419709_n.jpg?resize=525%2C300&ssl=1 1.5x, https:\/\/i0.wp.com\/attducey-avranches.fr\/wp-content\/uploads\/2025\/11\/589412539_4146203838979670_8783073855463419709_n.jpg?resize=700%2C400&ssl=1 2x, https:\/\/i0.wp.com\/attducey-avranches.fr\/wp-content\/uploads\/2025\/11\/589412539_4146203838979670_8783073855463419709_n.jpg?resize=1050%2C600&ssl=1 3x, https:\/\/i0.wp.com\/attducey-avranches.fr\/wp-content\/uploads\/2025\/11\/589412539_4146203838979670_8783073855463419709_n.jpg?resize=1400%2C800&ssl=1 4x"},"classes":[]},{"id":738,"url":"https:\/\/attducey-avranches.fr\/index.php\/tournois-a-venir\/","url_meta":{"origin":356,"position":2},"title":"Tournois \u00e0 venir","author":"J\u00e9r\u00e9my Gloria","date":"8 septembre 2023","format":false,"excerpt":"yy Liste des prochains tournois : TT Foug\u00e8res\/Javen\u00e9\/L\u00e9cousse (24 et 25\/05\/2026) : YY Laval Bourny (23 et 24\/05\/2026) : tournoi-national-b-lbtt-2026T\u00e9l\u00e9charger YYYY Retrouvez tous les Tournois et l'actualit\u00e9 du ping sur www.tennis2table.com !","rel":"","context":"Article similaire","block_context":{"text":"Article similaire","link":""},"img":{"alt_text":"","src":"https:\/\/i0.wp.com\/attducey-avranches.fr\/wp-content\/uploads\/2026\/05\/affiche_tournoi_2026-scaled1-150x150.jpg?resize=350%2C200&ssl=1","width":350,"height":200,"srcset":"https:\/\/i0.wp.com\/attducey-avranches.fr\/wp-content\/uploads\/2026\/05\/affiche_tournoi_2026-scaled1-150x150.jpg?resize=350%2C200&ssl=1 1x, https:\/\/i0.wp.com\/attducey-avranches.fr\/wp-content\/uploads\/2026\/05\/affiche_tournoi_2026-scaled1-150x150.jpg?resize=525%2C300&ssl=1 1.5x, https:\/\/i0.wp.com\/attducey-avranches.fr\/wp-content\/uploads\/2026\/05\/affiche_tournoi_2026-scaled1-150x150.jpg?resize=700%2C400&ssl=1 2x, https:\/\/i0.wp.com\/attducey-avranches.fr\/wp-content\/uploads\/2026\/05\/affiche_tournoi_2026-scaled1-150x150.jpg?resize=1050%2C600&ssl=1 3x, https:\/\/i0.wp.com\/attducey-avranches.fr\/wp-content\/uploads\/2026\/05\/affiche_tournoi_2026-scaled1-150x150.jpg?resize=1400%2C800&ssl=1 4x"},"classes":[]},{"id":223,"url":"https:\/\/attducey-avranches.fr\/index.php\/le-club\/historique\/","url_meta":{"origin":356,"position":3},"title":"Historique","author":"J\u00e9r\u00e9my Gloria","date":"13 juillet 2022","format":false,"excerpt":"Pr\u00e9sentation\u00a0: Le club de Tennis de Table Ducey\/Avranches a \u00e9t\u00e9 cr\u00e9\u00e9 en Mai 2018 suite \u00e0 la fusion des clubs de l\u2019ATT Ducey et de l\u2019Entente St Senier\/Avranches. Il comprend aujourd\u2019hui environ 170 licenci\u00e9s, soit le 2e total le plus \u00e9lev\u00e9 parmi les 51 clubs de la Manche. 17 personnes\u2026","rel":"","context":"Article similaire","block_context":{"text":"Article similaire","link":""},"img":{"alt_text":"","src":"https:\/\/i0.wp.com\/attducey-avranches.fr\/wp-content\/uploads\/2023\/12\/D3S.jpg?resize=350%2C200&ssl=1","width":350,"height":200,"srcset":"https:\/\/i0.wp.com\/attducey-avranches.fr\/wp-content\/uploads\/2023\/12\/D3S.jpg?resize=350%2C200&ssl=1 1x, https:\/\/i0.wp.com\/attducey-avranches.fr\/wp-content\/uploads\/2023\/12\/D3S.jpg?resize=525%2C300&ssl=1 1.5x, https:\/\/i0.wp.com\/attducey-avranches.fr\/wp-content\/uploads\/2023\/12\/D3S.jpg?resize=700%2C400&ssl=1 2x, https:\/\/i0.wp.com\/attducey-avranches.fr\/wp-content\/uploads\/2023\/12\/D3S.jpg?resize=1050%2C600&ssl=1 3x, https:\/\/i0.wp.com\/attducey-avranches.fr\/wp-content\/uploads\/2023\/12\/D3S.jpg?resize=1400%2C800&ssl=1 4x"},"classes":[]},{"id":219,"url":"https:\/\/attducey-avranches.fr\/index.php\/entrainements\/","url_meta":{"origin":356,"position":4},"title":"ENTRAINEMENTS","author":"J\u00e9r\u00e9my Gloria","date":"13 juillet 2022","format":false,"excerpt":"Les cr\u00e9neaux d'entra\u00eenements ont lieu dans 3 salles diff\u00e9rentes : Salle du Lyc\u00e9e Littr\u00e9 situ\u00e9 Bd Pasteur \u00e0 Avranches Gymnase Ren\u00e9 Hardy situ\u00e9 42 Rue Boishue \u00e0 Ducey Salle de Tennis de Table situ\u00e9 Rue du midi \u00e0 Ducey G Gymnase Ren\u00e9 Hardy de Ducey Les s\u00e9ances sont dispens\u00e9s par\u2026","rel":"","context":"Article similaire","block_context":{"text":"Article similaire","link":""},"img":{"alt_text":"","src":"https:\/\/i0.wp.com\/attducey-avranches.fr\/wp-content\/uploads\/2022\/06\/photo-gymnase.jpg?resize=350%2C200&ssl=1","width":350,"height":200,"srcset":"https:\/\/i0.wp.com\/attducey-avranches.fr\/wp-content\/uploads\/2022\/06\/photo-gymnase.jpg?resize=350%2C200&ssl=1 1x, https:\/\/i0.wp.com\/attducey-avranches.fr\/wp-content\/uploads\/2022\/06\/photo-gymnase.jpg?resize=525%2C300&ssl=1 1.5x, https:\/\/i0.wp.com\/attducey-avranches.fr\/wp-content\/uploads\/2022\/06\/photo-gymnase.jpg?resize=700%2C400&ssl=1 2x"},"classes":[]},{"id":599,"url":"https:\/\/attducey-avranches.fr\/index.php\/infos-pratiques\/section-loisirs\/","url_meta":{"origin":356,"position":5},"title":"Section Loisirs","author":"J\u00e9r\u00e9my Gloria","date":"12 octobre 2022","format":false,"excerpt":"Le club compte une trentaine de joueurs \u00e9voluant en loisirs, sans comp\u00e9tition. Ils sont licenci\u00e9s au club comme les joueurs \u00e9voluant en comp\u00e9tition et donc, possiblement \u00e9galement b\u00e9n\u00e9voles de l'association. Les cr\u00e9neaux d'entrainement sont : le mardi de 19h \u00e0 21h (avec le groupe \"comp\u00e9titions\") au Gymnase Ren\u00e9 Hardy de\u2026","rel":"","context":"Article similaire","block_context":{"text":"Article similaire","link":""},"img":{"alt_text":"","src":"https:\/\/i0.wp.com\/attducey-avranches.fr\/wp-content\/uploads\/2022\/10\/loisirs.jpg?resize=350%2C200&ssl=1","width":350,"height":200,"srcset":"https:\/\/i0.wp.com\/attducey-avranches.fr\/wp-content\/uploads\/2022\/10\/loisirs.jpg?resize=350%2C200&ssl=1 1x, https:\/\/i0.wp.com\/attducey-avranches.fr\/wp-content\/uploads\/2022\/10\/loisirs.jpg?resize=525%2C300&ssl=1 1.5x, https:\/\/i0.wp.com\/attducey-avranches.fr\/wp-content\/uploads\/2022\/10\/loisirs.jpg?resize=700%2C400&ssl=1 2x"},"classes":[]}],"jetpack_sharing_enabled":true,"_links":{"self":[{"href":"https:\/\/attducey-avranches.fr\/index.php\/wp-json\/wp\/v2\/pages\/356","targetHints":{"allow":["GET"]}}],"collection":[{"href":"https:\/\/attducey-avranches.fr\/index.php\/wp-json\/wp\/v2\/pages"}],"about":[{"href":"https:\/\/attducey-avranches.fr\/index.php\/wp-json\/wp\/v2\/types\/page"}],"author":[{"embeddable":true,"href":"https:\/\/attducey-avranches.fr\/index.php\/wp-json\/wp\/v2\/users\/2"}],"replies":[{"embeddable":true,"href":"https:\/\/attducey-avranches.fr\/index.php\/wp-json\/wp\/v2\/comments?post=356"}],"version-history":[{"count":20,"href":"https:\/\/attducey-avranches.fr\/index.php\/wp-json\/wp\/v2\/pages\/356\/revisions"}],"predecessor-version":[{"id":1337,"href":"https:\/\/attducey-avranches.fr\/index.php\/wp-json\/wp\/v2\/pages\/356\/revisions\/1337"}],"up":[{"embeddable":true,"href":"https:\/\/attducey-avranches.fr\/index.php\/wp-json\/wp\/v2\/pages\/342"}],"wp:attachment":[{"href":"https:\/\/attducey-avranches.fr\/index.php\/wp-json\/wp\/v2\/media?parent=356"}],"curies":[{"name":"wp","href":"https:\/\/api.w.org\/{rel}","templated":true}]}}