{"id":347,"date":"2022-07-18T10:54:59","date_gmt":"2022-07-18T08:54:59","guid":{"rendered":"https:\/\/attducey-avranches.fr\/?page_id=347"},"modified":"2022-08-03T12:40:37","modified_gmt":"2022-08-03T10:40:37","slug":"347-2","status":"publish","type":"page","link":"https:\/\/attducey-avranches.fr\/index.php\/infos-pratiques\/347-2\/","title":{"rendered":""},"content":{"rendered":"\n<div class=\"wp-block-cover is-light\" style=\"min-height:156px;aspect-ratio:unset;\"><span aria-hidden=\"true\" class=\"wp-block-cover__background has-background-dim\"><\/span><img decoding=\"async\" class=\"wp-block-cover__image-background wp-image-954\" alt=\"\" src=\"https:\/\/orvaultsporttennisdetable.files.wordpress.com\/2021\/03\/banniere-accueil-petite-3.png?resize=750%2C156\" data-object-fit=\"cover\"\/><div class=\"wp-block-cover__inner-container is-layout-flow wp-block-cover-is-layout-flow\">\n<p class=\"has-text-align-center has-background-color has-text-color has-x-large-font-size\" style=\"line-height:1.5\"><strong>NOUS CONTACTER<\/strong><\/p>\n<\/div><\/div>\n\n\n\n<p><\/p>\n\n\n\n<div class=\"wp-block-columns is-layout-flex wp-container-core-columns-is-layout-28f84493 wp-block-columns-is-layout-flex\">\n<div class=\"wp-block-column is-layout-flow wp-block-column-is-layout-flow\" style=\"flex-basis:100%\">\n<div class=\"wp-block-group is-layout-flow wp-block-group-is-layout-flow\">\n<div class=\"wp-block-cover is-light\" style=\"min-height:50px;aspect-ratio:unset;\"><span aria-hidden=\"true\" class=\"wp-block-cover__background has-secondary-background-color has-background-dim-100 has-background-dim\"><\/span><div class=\"wp-block-cover__inner-container is-layout-flow wp-block-cover-is-layout-flow\">\n<p class=\"has-small-font-size\"><strong>J\u00e9r\u00e9my GLORIA &#8211; Pr\u00e9sident<\/strong><\/p>\n\n\n\n<p>\ud83d\udcde06 38 81 85 95<\/p>\n\n\n\n<p>\u2709\ufe0f jeremygloria@hotmail.fr <\/p>\n<\/div><\/div>\n<\/div>\n<\/div>\n<\/div>\n\n\n\n<div class=\"wp-block-cover is-light\" style=\"min-height:50px;aspect-ratio:unset;\"><span aria-hidden=\"true\" class=\"wp-block-cover__background has-secondary-background-color has-background-dim-100 has-background-dim\"><\/span><div class=\"wp-block-cover__inner-container is-layout-flow wp-block-cover-is-layout-flow\">\n<p class=\"has-small-font-size\"><strong>Pascal GERBOUT &#8211; Vice-Pr\u00e9sident<\/strong><\/p>\n\n\n\n<p>\ud83d\udcde06 81 61 33 38<\/p>\n\n\n\n<p>\u2709\ufe0f pascal.gerbout@orange.fr<\/p>\n<\/div><\/div>\n\n\n\n<div class=\"wp-block-cover is-light\" style=\"min-height:50px;aspect-ratio:unset;\"><span aria-hidden=\"true\" class=\"wp-block-cover__background has-secondary-background-color has-background-dim-100 has-background-dim\"><\/span><div class=\"wp-block-cover__inner-container is-layout-flow wp-block-cover-is-layout-flow\">\n<p class=\"has-small-font-size\"><strong>Michel GUEZET &#8211; Vice-Pr\u00e9sident<\/strong> <strong>(responsable des jeunes)<\/strong><\/p>\n\n\n\n<p>\ud83d\udcde06 76 76 67 82<\/p>\n\n\n\n<p>\u2709\ufe0f guezet.michel@wanadoo.fr<\/p>\n<\/div><\/div>\n\n\n\n<p class=\"has-background-color has-text-color\"><mark style=\"background-color:rgba(0, 0, 0, 0)\" class=\"has-inline-color has-primary-color\">YY<\/mark><\/p>\n\n\n\n<p>Retrouvez \u00e9galement toutes les infos sur le club via notre page Facebook :<\/p>\n\n\n\n<figure class=\"wp-block-image size-full\"><a href=\"https:\/\/www.facebook.com\/att.ducey\"><img loading=\"lazy\" decoding=\"async\" width=\"225\" height=\"225\" src=\"https:\/\/attducey-avranches.fr\/wp-content\/uploads\/2022\/07\/index.png\" alt=\"\" class=\"wp-image-349\" srcset=\"https:\/\/attducey-avranches.fr\/wp-content\/uploads\/2022\/07\/index.png 225w, https:\/\/attducey-avranches.fr\/wp-content\/uploads\/2022\/07\/index-150x150.png 150w\" sizes=\"auto, (max-width: 225px) 100vw, 225px\" \/><\/a><\/figure>\n","protected":false},"excerpt":{"rendered":"<p>YY Retrouvez \u00e9galement toutes les infos sur le club via notre page Facebook :<\/p>\n","protected":false},"author":2,"featured_media":0,"parent":342,"menu_order":1,"comment_status":"closed","ping_status":"closed","template":"","meta":{"footnotes":""},"class_list":["post-347","page","type-page","status-publish","hentry"],"jetpack-related-posts":[{"id":342,"url":"https:\/\/attducey-avranches.fr\/index.php\/infos-pratiques\/","url_meta":{"origin":347,"position":0},"title":"INFOS PRATIQUES","author":"J\u00e9r\u00e9my Gloria","date":"18 juillet 2022","format":false,"excerpt":"NOUS CONTACTER YY SECTION LOISIRS YY CALENDRIER 2025-2026 YY LIENS UTILES YY","rel":"","context":"Article similaire","block_context":{"text":"Article similaire","link":""},"img":{"alt_text":"","src":"","width":0,"height":0},"classes":[]},{"id":228,"url":"https:\/\/attducey-avranches.fr\/","url_meta":{"origin":347,"position":1},"title":"Inscriptions 2025-2026","author":"J\u00e9r\u00e9my Gloria","date":"15 juillet 2022","format":false,"excerpt":"INSCRIPTIONS Nous avons le plaisir de vous informer que les inscriptions pour cette nouvelle saison sont ouvertes ! Vous trouverez toutes les informations plus bas, nous serions ravis de vous accueillir au sein du club ! D\u00e9j\u00e0 licenci\u00e9 la saison derni\u00e8re ? Vous pouvez faire votre renouvellement de licence sur\u2026","rel":"","context":"Article similaire","block_context":{"text":"Article similaire","link":""},"img":{"alt_text":"","src":"","width":0,"height":0},"classes":[]}],"jetpack_sharing_enabled":true,"_links":{"self":[{"href":"https:\/\/attducey-avranches.fr\/index.php\/wp-json\/wp\/v2\/pages\/347","targetHints":{"allow":["GET"]}}],"collection":[{"href":"https:\/\/attducey-avranches.fr\/index.php\/wp-json\/wp\/v2\/pages"}],"about":[{"href":"https:\/\/attducey-avranches.fr\/index.php\/wp-json\/wp\/v2\/types\/page"}],"author":[{"embeddable":true,"href":"https:\/\/attducey-avranches.fr\/index.php\/wp-json\/wp\/v2\/users\/2"}],"replies":[{"embeddable":true,"href":"https:\/\/attducey-avranches.fr\/index.php\/wp-json\/wp\/v2\/comments?post=347"}],"version-history":[{"count":5,"href":"https:\/\/attducey-avranches.fr\/index.php\/wp-json\/wp\/v2\/pages\/347\/revisions"}],"predecessor-version":[{"id":420,"href":"https:\/\/attducey-avranches.fr\/index.php\/wp-json\/wp\/v2\/pages\/347\/revisions\/420"}],"up":[{"embeddable":true,"href":"https:\/\/attducey-avranches.fr\/index.php\/wp-json\/wp\/v2\/pages\/342"}],"wp:attachment":[{"href":"https:\/\/attducey-avranches.fr\/index.php\/wp-json\/wp\/v2\/media?parent=347"}],"curies":[{"name":"wp","href":"https:\/\/api.w.org\/{rel}","templated":true}]}}