{"id":342,"date":"2022-07-18T10:19:09","date_gmt":"2022-07-18T08:19:09","guid":{"rendered":"https:\/\/attducey-avranches.fr\/?page_id=342"},"modified":"2025-07-02T14:24:45","modified_gmt":"2025-07-02T12:24:45","slug":"infos-pratiques","status":"publish","type":"page","link":"https:\/\/attducey-avranches.fr\/index.php\/infos-pratiques\/","title":{"rendered":"INFOS PRATIQUES"},"content":{"rendered":"\n<p><\/p>\n\n\n\n<div class=\"wp-block-group is-layout-flow wp-block-group-is-layout-flow\">\n<div class=\"wp-block-buttons is-content-justification-left is-layout-flex wp-container-core-buttons-is-layout-f3afa3a0 wp-block-buttons-is-layout-flex\">\n<div class=\"wp-block-button has-custom-width wp-block-button__width-50 is-style-outline is-style-outline--1\"><a class=\"wp-block-button__link has-secondary-color has-text-color has-small-font-size has-custom-font-size wp-element-button\" href=\"https:\/\/attducey-avranches.fr\/index.php\/infos-pratiques\/347-2\/\" style=\"border-radius:30px\">NOUS CONTACTER<\/a><\/div>\n<\/div>\n<\/div>\n\n\n\n<div class=\"wp-block-group is-layout-flow wp-block-group-is-layout-flow\">\n<p><mark style=\"background-color:rgba(0, 0, 0, 0)\" class=\"has-inline-color has-primary-color\">YY<\/mark><\/p>\n<\/div>\n\n\n\n<div class=\"wp-block-buttons is-layout-flex wp-block-buttons-is-layout-flex\">\n<div class=\"wp-block-button has-custom-width wp-block-button__width-50 is-style-outline is-style-outline--2\"><a class=\"wp-block-button__link has-secondary-color has-text-color has-small-font-size has-custom-font-size wp-element-button\" href=\"https:\/\/attducey-avranches.fr\/index.php\/infos-pratiques\/section-loisirs\/\" style=\"border-radius:30px\">SECTION LOISIRS<\/a><\/div>\n<\/div>\n\n\n\n<p><mark style=\"background-color:rgba(0, 0, 0, 0)\" class=\"has-inline-color has-primary-color\">YY<\/mark><\/p>\n\n\n\n<div class=\"wp-block-buttons is-layout-flex wp-block-buttons-is-layout-flex\">\n<div class=\"wp-block-button has-custom-width wp-block-button__width-50 is-style-outline is-style-outline--3\"><a class=\"wp-block-button__link has-secondary-color has-text-color has-small-font-size has-custom-font-size wp-element-button\" href=\"https:\/\/attducey-avranches.fr\/wp-content\/uploads\/2025\/07\/Calendrier-Manche-2025-2026.pdf\" style=\"border-radius:30px\" target=\"_blank\" rel=\"noreferrer noopener\">CALENDRIER 2025-2026<\/a><\/div>\n<\/div>\n\n\n\n<p><mark style=\"background-color:rgba(0, 0, 0, 0)\" class=\"has-inline-color has-primary-color\">YY<\/mark><\/p>\n\n\n\n<div class=\"wp-block-buttons is-layout-flex wp-block-buttons-is-layout-flex\">\n<div class=\"wp-block-button has-custom-width wp-block-button__width-50 is-style-outline is-style-outline--4\"><a class=\"wp-block-button__link has-secondary-color has-text-color has-small-font-size has-custom-font-size wp-element-button\" href=\"https:\/\/attducey-avranches.fr\/index.php\/infos-pratiques\/356-2\/\" style=\"border-radius:30px\"><mark style=\"background-color:rgba(0, 0, 0, 0)\" class=\"has-inline-color has-secondary-color\">LIENS UTILES<\/mark><\/a><\/div>\n<\/div>\n\n\n\n<p><mark style=\"background-color:rgba(0, 0, 0, 0)\" class=\"has-inline-color has-primary-color\">YY<\/mark><\/p>\n","protected":false},"excerpt":{"rendered":"<p>YY YY YY YY<\/p>\n","protected":false},"author":2,"featured_media":0,"parent":0,"menu_order":0,"comment_status":"closed","ping_status":"closed","template":"","meta":{"footnotes":""},"class_list":["post-342","page","type-page","status-publish","hentry"],"jetpack-related-posts":[{"id":356,"url":"https:\/\/attducey-avranches.fr\/index.php\/infos-pratiques\/356-2\/","url_meta":{"origin":342,"position":0},"title":"Merci \u00e0 nos soutiens !","author":"J\u00e9r\u00e9my Gloria","date":"18 juillet 2022","format":false,"excerpt":"MERCI A NOS SOUTIENS ! YY Les partenaires priv\u00e9s Partenaire mat\u00e9riel TT YY Partenaires boissons YY Partenaires consommables lors des manifestations YY Partenaire maillots (championnat par \u00e9quipes adultes et jeunes en comp\u00e9titions) YY Partenaire maillots (championnat par \u00e9quipes adultes) YY Partenaire sonorisation lors des manifestations YY Partenaire maillot jeunes et\u2026","rel":"","context":"Article similaire","block_context":{"text":"Article similaire","link":""},"img":{"alt_text":"","src":"https:\/\/i0.wp.com\/attducey-avranches.fr\/wp-content\/uploads\/2022\/07\/logo-fftt-150x150.png?resize=350%2C200&ssl=1","width":350,"height":200},"classes":[]},{"id":347,"url":"https:\/\/attducey-avranches.fr\/index.php\/infos-pratiques\/347-2\/","url_meta":{"origin":342,"position":1},"title":"NOUS CONTACTER J\u00e9r\u00e9my GLORIA -\u2026","author":"J\u00e9r\u00e9my Gloria","date":"18 juillet 2022","format":false,"excerpt":"NOUS CONTACTER J\u00e9r\u00e9my GLORIA - Pr\u00e9sident \ud83d\udcde06 38 81 85 95 \u2709\ufe0f jeremygloria@hotmail.fr Pascal GERBOUT - Vice-Pr\u00e9sident \ud83d\udcde06 81 61 33 38 \u2709\ufe0f pascal.gerbout@orange.fr Michel GUEZET - Vice-Pr\u00e9sident (responsable des jeunes) \ud83d\udcde06 76 76 67 82 \u2709\ufe0f guezet.michel@wanadoo.fr YY Retrouvez \u00e9galement toutes les infos sur le club via notre page\u2026","rel":"","context":"Article similaire","block_context":{"text":"Article similaire","link":""},"img":{"alt_text":"","src":"https:\/\/i0.wp.com\/attducey-avranches.fr\/wp-content\/uploads\/2022\/07\/index.png?resize=350%2C200&ssl=1","width":350,"height":200},"classes":[]},{"id":16,"url":"https:\/\/attducey-avranches.fr\/index.php\/infos-pratiques\/347-2\/finales-federales-par-classement\/","url_meta":{"origin":342,"position":2},"title":"Finales f\u00e9d\u00e9rales par classement 2022","author":"J\u00e9r\u00e9my Gloria","date":"22 juin 2022","format":false,"excerpt":"Les finales f\u00e9d\u00e9rales par classement se sont d\u00e9roul\u00e9es les 25 et 26 juin 2022 \u00e0 Ducey-Les Ch\u00e9ris (50). Vous trouverez ci-apr\u00e8s l'ensemble des documents utiles pour le suivi de la comp\u00e9tition. Listes des joueurs au format Excel L'horaire g\u00e9n\u00e9ral de la comp\u00e9tition en PDFLe dossier d'accueil Ducey les Ch\u00e9ris en\u2026","rel":"","context":"Article similaire","block_context":{"text":"Article similaire","link":""},"img":{"alt_text":"","src":"https:\/\/i0.wp.com\/attducey-avranches.fr\/wp-content\/uploads\/2022\/06\/facebook_1655466206098_69435285301055785501689-150x150.jpg?resize=350%2C200&ssl=1","width":350,"height":200,"srcset":"https:\/\/i0.wp.com\/attducey-avranches.fr\/wp-content\/uploads\/2022\/06\/facebook_1655466206098_69435285301055785501689-150x150.jpg?resize=350%2C200&ssl=1 1x, https:\/\/i0.wp.com\/attducey-avranches.fr\/wp-content\/uploads\/2022\/06\/facebook_1655466206098_69435285301055785501689-150x150.jpg?resize=525%2C300&ssl=1 1.5x, https:\/\/i0.wp.com\/attducey-avranches.fr\/wp-content\/uploads\/2022\/06\/facebook_1655466206098_69435285301055785501689-150x150.jpg?resize=700%2C400&ssl=1 2x, https:\/\/i0.wp.com\/attducey-avranches.fr\/wp-content\/uploads\/2022\/06\/facebook_1655466206098_69435285301055785501689-150x150.jpg?resize=1050%2C600&ssl=1 3x"},"classes":[]},{"id":262,"url":"https:\/\/attducey-avranches.fr\/index.php\/competitions\/statistiques-individuelles\/","url_meta":{"origin":342,"position":3},"title":"Statistiques individuelles","author":"J\u00e9r\u00e9my Gloria","date":"15 juillet 2022","format":false,"excerpt":"Retrouvez les performances de tous nos comp\u00e9titeurs en championnats par \u00e9quipes et individuelles YY Nombre de victoires par journ\u00e9e YY statT\u00e9l\u00e9charger YY Perfs' YY perfT\u00e9l\u00e9charger YY Pourcentage de victoires YY invincibilitT\u00e9l\u00e9charger YY Progressions mensuelles \/ annuelles YY progT\u00e9l\u00e9charger","rel":"","context":"Article similaire","block_context":{"text":"Article similaire","link":""},"img":{"alt_text":"","src":"","width":0,"height":0},"classes":[]},{"id":239,"url":"https:\/\/attducey-avranches.fr\/index.php\/competitions\/","url_meta":{"origin":342,"position":4},"title":"COMPETITIONS","author":"J\u00e9r\u00e9my Gloria","date":"15 juillet 2022","format":false,"excerpt":"STATS INDIVIDUELLES CHAMPIONNAT PAR EQUIPES CHAMPIONNAT INDIVIDUEL YY YY COUPES","rel":"","context":"Article similaire","block_context":{"text":"Article similaire","link":""},"img":{"alt_text":"","src":"","width":0,"height":0},"classes":[]},{"id":694,"url":"https:\/\/attducey-avranches.fr\/index.php\/boutique-att\/","url_meta":{"origin":342,"position":5},"title":"Boutique ATT","author":"J\u00e9r\u00e9my Gloria","date":"26 juin 2023","format":false,"excerpt":"yy\/ En partenariat avec le magasin Sport & co Avranches et la marque JAKO, le club a cr\u00e9\u00e9 sa propre boutique o\u00f9 chacun peut commander et r\u00e9gler directement en ligne. C'est simple, s\u00e9curis\u00e9 et rapide ! N'h\u00e9sitez pas \u00e0 aller faire un tour sur celle-ci : https:\/\/team.jako.fr\/fr\/team\/avenir_tennis_de_table_ducey_avranches\/ YY","rel":"","context":"Article similaire","block_context":{"text":"Article similaire","link":""},"img":{"alt_text":"","src":"https:\/\/i0.wp.com\/attducey-avranches.fr\/wp-content\/uploads\/2023\/06\/Capture.jpg?resize=350%2C200&ssl=1","width":350,"height":200,"srcset":"https:\/\/i0.wp.com\/attducey-avranches.fr\/wp-content\/uploads\/2023\/06\/Capture.jpg?resize=350%2C200&ssl=1 1x, https:\/\/i0.wp.com\/attducey-avranches.fr\/wp-content\/uploads\/2023\/06\/Capture.jpg?resize=525%2C300&ssl=1 1.5x, https:\/\/i0.wp.com\/attducey-avranches.fr\/wp-content\/uploads\/2023\/06\/Capture.jpg?resize=700%2C400&ssl=1 2x, https:\/\/i0.wp.com\/attducey-avranches.fr\/wp-content\/uploads\/2023\/06\/Capture.jpg?resize=1050%2C600&ssl=1 3x"},"classes":[]}],"jetpack_sharing_enabled":true,"_links":{"self":[{"href":"https:\/\/attducey-avranches.fr\/index.php\/wp-json\/wp\/v2\/pages\/342","targetHints":{"allow":["GET"]}}],"collection":[{"href":"https:\/\/attducey-avranches.fr\/index.php\/wp-json\/wp\/v2\/pages"}],"about":[{"href":"https:\/\/attducey-avranches.fr\/index.php\/wp-json\/wp\/v2\/types\/page"}],"author":[{"embeddable":true,"href":"https:\/\/attducey-avranches.fr\/index.php\/wp-json\/wp\/v2\/users\/2"}],"replies":[{"embeddable":true,"href":"https:\/\/attducey-avranches.fr\/index.php\/wp-json\/wp\/v2\/comments?post=342"}],"version-history":[{"count":7,"href":"https:\/\/attducey-avranches.fr\/index.php\/wp-json\/wp\/v2\/pages\/342\/revisions"}],"predecessor-version":[{"id":1278,"href":"https:\/\/attducey-avranches.fr\/index.php\/wp-json\/wp\/v2\/pages\/342\/revisions\/1278"}],"wp:attachment":[{"href":"https:\/\/attducey-avranches.fr\/index.php\/wp-json\/wp\/v2\/media?parent=342"}],"curies":[{"name":"wp","href":"https:\/\/api.w.org\/{rel}","templated":true}]}}