{"id":312,"date":"2022-07-15T15:20:26","date_gmt":"2022-07-15T13:20:26","guid":{"rendered":"https:\/\/attducey-avranches.fr\/?page_id=312"},"modified":"2022-07-15T15:27:46","modified_gmt":"2022-07-15T13:27:46","slug":"organisations","status":"publish","type":"page","link":"https:\/\/attducey-avranches.fr\/index.php\/organisations\/","title":{"rendered":"ORGANISATIONS"},"content":{"rendered":"","protected":false},"excerpt":{"rendered":"","protected":false},"author":2,"featured_media":0,"parent":0,"menu_order":0,"comment_status":"closed","ping_status":"closed","template":"","meta":{"footnotes":""},"class_list":["post-312","page","type-page","status-publish","hentry"],"jetpack-related-posts":[{"id":375,"url":"https:\/\/attducey-avranches.fr\/index.php\/organisations\/challenge-att-2021-2022\/","url_meta":{"origin":312,"position":0},"title":"Challenge ATT 2023-2024","author":"J\u00e9r\u00e9my Gloria","date":"18 juillet 2022","format":false,"excerpt":"L'objectif est de cr\u00e9er une comp\u00e9tition interne sur toute la dur\u00e9e de la saison en faisant participer tous les joueurs du club avec un handicap de points selon le classement de chacun. Les r\u00e9sultats R\u00e8glement \u2013 Tableau des \u00e9carts - Tableau global Matchs disput\u00e9s \u2013 Classement Rencontres \u00e2prement disput\u00e9es entre\u2026","rel":"","context":"Article similaire","block_context":{"text":"Article similaire","link":""},"img":{"alt_text":"","src":"https:\/\/i0.wp.com\/attducey-avranches.fr\/wp-content\/uploads\/2023\/11\/20230912_195800.jpg?resize=350%2C200&ssl=1","width":350,"height":200,"srcset":"https:\/\/i0.wp.com\/attducey-avranches.fr\/wp-content\/uploads\/2023\/11\/20230912_195800.jpg?resize=350%2C200&ssl=1 1x, https:\/\/i0.wp.com\/attducey-avranches.fr\/wp-content\/uploads\/2023\/11\/20230912_195800.jpg?resize=525%2C300&ssl=1 1.5x, https:\/\/i0.wp.com\/attducey-avranches.fr\/wp-content\/uploads\/2023\/11\/20230912_195800.jpg?resize=700%2C400&ssl=1 2x, https:\/\/i0.wp.com\/attducey-avranches.fr\/wp-content\/uploads\/2023\/11\/20230912_195800.jpg?resize=1050%2C600&ssl=1 3x, https:\/\/i0.wp.com\/attducey-avranches.fr\/wp-content\/uploads\/2023\/11\/20230912_195800.jpg?resize=1400%2C800&ssl=1 4x"},"classes":[]},{"id":386,"url":"https:\/\/attducey-avranches.fr\/index.php\/organisations\/criterium-federal-n2-ducey\/","url_meta":{"origin":312,"position":1},"title":"Crit\u00e9rium F\u00e9d\u00e9ral N2 Ducey &#8211; 1er tour 2022-2023","author":"J\u00e9r\u00e9my Gloria","date":"19 juillet 2022","format":false,"excerpt":"Le 1er tour du Crit\u00e9rium F\u00e9d\u00e9ral N2 (zone 6) se d\u00e9roule les 15 et 16 octobre 2022 \u00e0 Ducey-Les Ch\u00e9ris (50). Vous trouverez ci-apr\u00e8s l\u2019ensemble des documents utiles pour le suivi de la comp\u00e9tition. Convocation et horaire g\u00e9n\u00e9ral au format PDFListe des joueurs -15, -13 et -11 (samedi) en PDFListe\u2026","rel":"","context":"Article similaire","block_context":{"text":"Article similaire","link":""},"img":{"alt_text":"","src":"https:\/\/i0.wp.com\/attducey-avranches.fr\/wp-content\/uploads\/2022\/06\/Complexe_Rene_Hardy_Ducey_Les_Cheris_2_web-150x150.jpg?resize=350%2C200&ssl=1","width":350,"height":200},"classes":[]},{"id":305,"url":"https:\/\/attducey-avranches.fr\/index.php\/organisations\/tournoi-national-ducey-2022\/","url_meta":{"origin":312,"position":2},"title":"Tournoi National Ducey 2026","author":"J\u00e9r\u00e9my Gloria","date":"15 juillet 2022","format":false,"excerpt":"La 48e \u00e9dition du Tournoi National de Ducey s'est d\u00e9roul\u00e9 le Vendredi 1er Mai 2026 \u00e0 Ducey-Les Ch\u00e9ris (50) Vous trouverez ci-apr\u00e8s l'ensemble des documents utiles pour le suivi de la comp\u00e9tition. Le r\u00e8glement du tournoi avec les dotations par tableau en PDF La feuille d'inscriptions en PDF La liste\u2026","rel":"","context":"Article similaire","block_context":{"text":"Article similaire","link":""},"img":{"alt_text":"","src":"https:\/\/i0.wp.com\/attducey-avranches.fr\/wp-content\/uploads\/2026\/02\/affiche-tournoi-2026-version-2.jpg?resize=350%2C200&ssl=1","width":350,"height":200,"srcset":"https:\/\/i0.wp.com\/attducey-avranches.fr\/wp-content\/uploads\/2026\/02\/affiche-tournoi-2026-version-2.jpg?resize=350%2C200&ssl=1 1x, https:\/\/i0.wp.com\/attducey-avranches.fr\/wp-content\/uploads\/2026\/02\/affiche-tournoi-2026-version-2.jpg?resize=525%2C300&ssl=1 1.5x, https:\/\/i0.wp.com\/attducey-avranches.fr\/wp-content\/uploads\/2026\/02\/affiche-tournoi-2026-version-2.jpg?resize=700%2C400&ssl=1 2x, https:\/\/i0.wp.com\/attducey-avranches.fr\/wp-content\/uploads\/2026\/02\/affiche-tournoi-2026-version-2.jpg?resize=1050%2C600&ssl=1 3x"},"classes":[]}],"jetpack_sharing_enabled":true,"_links":{"self":[{"href":"https:\/\/attducey-avranches.fr\/index.php\/wp-json\/wp\/v2\/pages\/312","targetHints":{"allow":["GET"]}}],"collection":[{"href":"https:\/\/attducey-avranches.fr\/index.php\/wp-json\/wp\/v2\/pages"}],"about":[{"href":"https:\/\/attducey-avranches.fr\/index.php\/wp-json\/wp\/v2\/types\/page"}],"author":[{"embeddable":true,"href":"https:\/\/attducey-avranches.fr\/index.php\/wp-json\/wp\/v2\/users\/2"}],"replies":[{"embeddable":true,"href":"https:\/\/attducey-avranches.fr\/index.php\/wp-json\/wp\/v2\/comments?post=312"}],"version-history":[{"count":1,"href":"https:\/\/attducey-avranches.fr\/index.php\/wp-json\/wp\/v2\/pages\/312\/revisions"}],"predecessor-version":[{"id":313,"href":"https:\/\/attducey-avranches.fr\/index.php\/wp-json\/wp\/v2\/pages\/312\/revisions\/313"}],"wp:attachment":[{"href":"https:\/\/attducey-avranches.fr\/index.php\/wp-json\/wp\/v2\/media?parent=312"}],"curies":[{"name":"wp","href":"https:\/\/api.w.org\/{rel}","templated":true}]}}