{"id":239,"date":"2022-07-15T09:58:29","date_gmt":"2022-07-15T07:58:29","guid":{"rendered":"https:\/\/attducey-avranches.fr\/?page_id=239"},"modified":"2022-08-03T14:10:06","modified_gmt":"2022-08-03T12:10:06","slug":"competitions","status":"publish","type":"page","link":"https:\/\/attducey-avranches.fr\/index.php\/competitions\/","title":{"rendered":"COMPETITIONS"},"content":{"rendered":"\n<p><\/p>\n\n\n\n<div class=\"wp-block-buttons is-layout-flex wp-container-core-buttons-is-layout-938c348e wp-block-buttons-is-layout-flex\">\n<div class=\"wp-block-button has-custom-width wp-block-button__width-50 has-custom-font-size is-style-outline has-small-font-size is-style-outline--1\"><a class=\"wp-block-button__link has-secondary-color has-text-color\" href=\"https:\/\/attducey-avranches.fr\/index.php\/competitions\/statistiques-individuelles\/\" style=\"border-radius:30px\">STATS INDIVIDUELLES<\/a><\/div>\n\n\n\n<div class=\"wp-block-button has-custom-width wp-block-button__width-50 has-custom-font-size is-style-outline has-small-font-size is-style-outline--2\"><a class=\"wp-block-button__link has-secondary-color has-text-color\" style=\"border-radius:30px\">CHAMPIONNAT PAR EQUIPES<\/a><\/div>\n\n\n\n<div class=\"wp-block-button has-custom-width wp-block-button__width-50 has-custom-font-size is-style-outline has-small-font-size is-style-outline--3\"><a class=\"wp-block-button__link has-secondary-color has-text-color\" href=\"https:\/\/attducey-avranches.fr\/index.php\/competitions\/resultats-criterium-federal-et-circuit-jeunes\/\" style=\"border-radius:30px\">CHAMPIONNAT INDIVIDUEL<\/a><\/div>\n<\/div>\n\n\n\n<p><mark style=\"background-color:rgba(0, 0, 0, 0)\" class=\"has-inline-color has-primary-color\">YY<\/mark><\/p>\n\n\n\n<p><mark style=\"background-color:rgba(0, 0, 0, 0)\" class=\"has-inline-color has-primary-color\">YY<\/mark><\/p>\n\n\n\n<div class=\"wp-block-buttons is-content-justification-left is-layout-flex wp-container-core-buttons-is-layout-fc4fd283 wp-block-buttons-is-layout-flex\">\n<div class=\"wp-block-button has-custom-width wp-block-button__width-50 has-custom-font-size is-style-outline has-small-font-size is-style-outline--4\"><a class=\"wp-block-button__link has-secondary-color has-text-color\" style=\"border-radius:30px\"><mark style=\"background-color:rgba(0, 0, 0, 0)\" class=\"has-inline-color has-secondary-color\">COUPES<\/mark><\/a><\/div>\n<\/div>\n\n\n\n<div class=\"wp-block-columns is-layout-flex wp-container-core-columns-is-layout-28f84493 wp-block-columns-is-layout-flex\">\n<div class=\"wp-block-column is-layout-flow wp-block-column-is-layout-flow\" style=\"flex-basis:100%\">\n<div class=\"wp-block-group is-layout-flow wp-block-group-is-layout-flow\"><\/div>\n<\/div>\n<\/div>\n","protected":false},"excerpt":{"rendered":"<p>YY YY<\/p>\n","protected":false},"author":2,"featured_media":0,"parent":0,"menu_order":0,"comment_status":"closed","ping_status":"closed","template":"","meta":{"footnotes":""},"class_list":["post-239","page","type-page","status-publish","hentry"],"jetpack-related-posts":[{"id":262,"url":"https:\/\/attducey-avranches.fr\/index.php\/competitions\/statistiques-individuelles\/","url_meta":{"origin":239,"position":0},"title":"Statistiques individuelles","author":"J\u00e9r\u00e9my Gloria","date":"15 juillet 2022","format":false,"excerpt":"Retrouvez les performances de tous nos comp\u00e9titeurs en championnats par \u00e9quipes et individuelles YY Nombre de victoires par journ\u00e9e YY statsT\u00e9l\u00e9charger YY Perfs' YY perfsT\u00e9l\u00e9charger YY Pourcentage de victoires YY invinciT\u00e9l\u00e9charger YY Progressions mensuelles \/ annuelles YY progressT\u00e9l\u00e9charger","rel":"","context":"Article similaire","block_context":{"text":"Article similaire","link":""},"img":{"alt_text":"","src":"","width":0,"height":0},"classes":[]},{"id":1130,"url":"https:\/\/attducey-avranches.fr\/index.php\/saison-2023-2024\/","url_meta":{"origin":239,"position":1},"title":"Saison 2023-2024","author":"J\u00e9r\u00e9my Gloria","date":"1 octobre 2024","format":false,"excerpt":"Les compos de l\u2019\u00e9poque equipes 2023-2024 P1T\u00e9l\u00e9charger equipes 2023-2024 P2T\u00e9l\u00e9charger Les stats de l'\u00e9poque Stats 2023-2024T\u00e9l\u00e9charger perfsT\u00e9l\u00e9charger Invincibilit\u00e9T\u00e9l\u00e9charger ProgressionsT\u00e9l\u00e9charger Les r\u00e9sultats individuels de l'\u00e9poque Bilan CFT\u00e9l\u00e9charger Bilan CJET\u00e9l\u00e9charger ClassementT\u00e9l\u00e9charger On avait pas chom\u00e9...","rel":"","context":"Article similaire","block_context":{"text":"Article similaire","link":""},"img":{"alt_text":"","src":"","width":0,"height":0},"classes":[]},{"id":751,"url":"https:\/\/attducey-avranches.fr\/index.php\/archives\/saison-2022-2023\/","url_meta":{"origin":239,"position":2},"title":"Saison 2022-2023","author":"J\u00e9r\u00e9my Gloria","date":"8 septembre 2023","format":false,"excerpt":"Les compos de l'\u00e9poque equipes 2022-2023 P1T\u00e9l\u00e9charger equipes 2022-2023 P2T\u00e9l\u00e9charger Les stats de l'\u00e9poque Stats 2022-2023T\u00e9l\u00e9charger ProgressionsT\u00e9l\u00e9charger PerfsT\u00e9l\u00e9charger Invincibilit\u00e9T\u00e9l\u00e9charger Les r\u00e9sultats individuels de l'\u00e9poque R\u00e9sultats CF CircuitT\u00e9l\u00e9charger On avait pas chom\u00e9... On avait parl\u00e9 de nous... Actu'Ping 50 - Crit\u00e9rium F\u00e9d\u00e9ral - 15 octobre 2022T\u00e9l\u00e9charger","rel":"","context":"Article similaire","block_context":{"text":"Article similaire","link":""},"img":{"alt_text":"","src":"https:\/\/i0.wp.com\/attducey-avranches.fr\/wp-content\/uploads\/2022\/10\/Affiche.jpg?resize=350%2C200&ssl=1","width":350,"height":200,"srcset":"https:\/\/i0.wp.com\/attducey-avranches.fr\/wp-content\/uploads\/2022\/10\/Affiche.jpg?resize=350%2C200&ssl=1 1x, https:\/\/i0.wp.com\/attducey-avranches.fr\/wp-content\/uploads\/2022\/10\/Affiche.jpg?resize=525%2C300&ssl=1 1.5x"},"classes":[]},{"id":356,"url":"https:\/\/attducey-avranches.fr\/index.php\/infos-pratiques\/356-2\/","url_meta":{"origin":239,"position":3},"title":"Merci \u00e0 nos soutiens !","author":"J\u00e9r\u00e9my Gloria","date":"18 juillet 2022","format":false,"excerpt":"MERCI A NOS SOUTIENS ! YY Les partenaires priv\u00e9s Partenaire mat\u00e9riel TT YY Partenaires boissons YY Partenaires consommables lors des manifestations YY Partenaire maillots (championnat par \u00e9quipes adultes et jeunes en comp\u00e9titions) YY Partenaire maillots (championnat par \u00e9quipes adultes) YY Partenaire sonorisation lors des manifestations YY Partenaire maillot jeunes et\u2026","rel":"","context":"Article similaire","block_context":{"text":"Article similaire","link":""},"img":{"alt_text":"","src":"https:\/\/i0.wp.com\/attducey-avranches.fr\/wp-content\/uploads\/2022\/07\/logo-fftt-150x150.png?resize=350%2C200&ssl=1","width":350,"height":200},"classes":[]},{"id":241,"url":"https:\/\/attducey-avranches.fr\/index.php\/competitions\/championnat-par-equipes\/","url_meta":{"origin":239,"position":4},"title":"Championnat par \u00e9quipes","author":"J\u00e9r\u00e9my Gloria","date":"15 juillet 2022","format":false,"excerpt":"Retrouvez chaque semaine les diff\u00e9rents r\u00e9sultats de nos \u00e9quipes r\u00e9gionales, d\u00e9partementales et jeunes YY R\u00e9sultats et classements YY R2 (1) R3 (2) D1 (3) D1 (4) D2 (5) D2 (6) D2 (7) D2 (8) D3 (9) D3 (10) D3 (11) D4 (12) YY Compositions des \u00e9quipes YY equipe 2025-2026 P2T\u00e9l\u00e9charger\u2026","rel":"","context":"Article similaire","block_context":{"text":"Article similaire","link":""},"img":{"alt_text":"","src":"https:\/\/i0.wp.com\/attducey-avranches.fr\/wp-content\/uploads\/2025\/10\/d1.jpeg?resize=350%2C200&ssl=1","width":350,"height":200,"srcset":"https:\/\/i0.wp.com\/attducey-avranches.fr\/wp-content\/uploads\/2025\/10\/d1.jpeg?resize=350%2C200&ssl=1 1x, https:\/\/i0.wp.com\/attducey-avranches.fr\/wp-content\/uploads\/2025\/10\/d1.jpeg?resize=525%2C300&ssl=1 1.5x, https:\/\/i0.wp.com\/attducey-avranches.fr\/wp-content\/uploads\/2025\/10\/d1.jpeg?resize=700%2C400&ssl=1 2x, https:\/\/i0.wp.com\/attducey-avranches.fr\/wp-content\/uploads\/2025\/10\/d1.jpeg?resize=1050%2C600&ssl=1 3x, https:\/\/i0.wp.com\/attducey-avranches.fr\/wp-content\/uploads\/2025\/10\/d1.jpeg?resize=1400%2C800&ssl=1 4x"},"classes":[]},{"id":223,"url":"https:\/\/attducey-avranches.fr\/index.php\/le-club\/historique\/","url_meta":{"origin":239,"position":5},"title":"Historique","author":"J\u00e9r\u00e9my Gloria","date":"13 juillet 2022","format":false,"excerpt":"Pr\u00e9sentation\u00a0: Le club de Tennis de Table Ducey\/Avranches a \u00e9t\u00e9 cr\u00e9\u00e9 en Mai 2018 suite \u00e0 la fusion des clubs de l\u2019ATT Ducey et de l\u2019Entente St Senier\/Avranches. Il comprend aujourd\u2019hui environ 170 licenci\u00e9s, soit le 2e total le plus \u00e9lev\u00e9 parmi les 51 clubs de la Manche. 17 personnes\u2026","rel":"","context":"Article similaire","block_context":{"text":"Article similaire","link":""},"img":{"alt_text":"","src":"https:\/\/i0.wp.com\/attducey-avranches.fr\/wp-content\/uploads\/2023\/12\/D3S.jpg?resize=350%2C200&ssl=1","width":350,"height":200,"srcset":"https:\/\/i0.wp.com\/attducey-avranches.fr\/wp-content\/uploads\/2023\/12\/D3S.jpg?resize=350%2C200&ssl=1 1x, https:\/\/i0.wp.com\/attducey-avranches.fr\/wp-content\/uploads\/2023\/12\/D3S.jpg?resize=525%2C300&ssl=1 1.5x, https:\/\/i0.wp.com\/attducey-avranches.fr\/wp-content\/uploads\/2023\/12\/D3S.jpg?resize=700%2C400&ssl=1 2x, https:\/\/i0.wp.com\/attducey-avranches.fr\/wp-content\/uploads\/2023\/12\/D3S.jpg?resize=1050%2C600&ssl=1 3x, https:\/\/i0.wp.com\/attducey-avranches.fr\/wp-content\/uploads\/2023\/12\/D3S.jpg?resize=1400%2C800&ssl=1 4x"},"classes":[]}],"jetpack_sharing_enabled":true,"_links":{"self":[{"href":"https:\/\/attducey-avranches.fr\/index.php\/wp-json\/wp\/v2\/pages\/239","targetHints":{"allow":["GET"]}}],"collection":[{"href":"https:\/\/attducey-avranches.fr\/index.php\/wp-json\/wp\/v2\/pages"}],"about":[{"href":"https:\/\/attducey-avranches.fr\/index.php\/wp-json\/wp\/v2\/types\/page"}],"author":[{"embeddable":true,"href":"https:\/\/attducey-avranches.fr\/index.php\/wp-json\/wp\/v2\/users\/2"}],"replies":[{"embeddable":true,"href":"https:\/\/attducey-avranches.fr\/index.php\/wp-json\/wp\/v2\/comments?post=239"}],"version-history":[{"count":15,"href":"https:\/\/attducey-avranches.fr\/index.php\/wp-json\/wp\/v2\/pages\/239\/revisions"}],"predecessor-version":[{"id":434,"href":"https:\/\/attducey-avranches.fr\/index.php\/wp-json\/wp\/v2\/pages\/239\/revisions\/434"}],"wp:attachment":[{"href":"https:\/\/attducey-avranches.fr\/index.php\/wp-json\/wp\/v2\/media?parent=239"}],"curies":[{"name":"wp","href":"https:\/\/api.w.org\/{rel}","templated":true}]}}