{"id":219,"date":"2022-07-13T12:27:00","date_gmt":"2022-07-13T10:27:00","guid":{"rendered":"https:\/\/attducey-avranches.fr\/?page_id=219"},"modified":"2025-10-28T14:32:57","modified_gmt":"2025-10-28T13:32:57","slug":"entrainements","status":"publish","type":"page","link":"https:\/\/attducey-avranches.fr\/index.php\/entrainements\/","title":{"rendered":"ENTRAINEMENTS"},"content":{"rendered":"\n<p>Les cr\u00e9neaux d&rsquo;entra\u00eenements ont lieu dans 3 salles diff\u00e9rentes :<\/p>\n\n\n\n<ul class=\"wp-block-list\">\n<li>Salle du Lyc\u00e9e Littr\u00e9 situ\u00e9 Bd Pasteur \u00e0 Avranches <\/li>\n\n\n\n<li>Gymnase Ren\u00e9 Hardy situ\u00e9 42 Rue Boishue \u00e0 Ducey<\/li>\n\n\n\n<li>Salle de Tennis de Table situ\u00e9 Rue du midi \u00e0 Ducey<\/li>\n<\/ul>\n\n\n\n<div class=\"wp-block-cover aligncenter is-light has-custom-content-position is-position-bottom-center\"><img loading=\"lazy\" decoding=\"async\" width=\"960\" height=\"720\" class=\"wp-block-cover__image-background wp-image-7\" alt=\"\" src=\"https:\/\/attducey-avranches.fr\/wp-content\/uploads\/2022\/06\/photo-gymnase.jpg\" data-object-fit=\"cover\" srcset=\"https:\/\/attducey-avranches.fr\/wp-content\/uploads\/2022\/06\/photo-gymnase.jpg 960w, https:\/\/attducey-avranches.fr\/wp-content\/uploads\/2022\/06\/photo-gymnase-300x225.jpg 300w, https:\/\/attducey-avranches.fr\/wp-content\/uploads\/2022\/06\/photo-gymnase-768x576.jpg 768w\" sizes=\"auto, (max-width: 960px) 100vw, 960px\" \/><span aria-hidden=\"true\" class=\"wp-block-cover__background has-background-dim-30 has-background-dim\"><\/span><div class=\"wp-block-cover__inner-container is-layout-flow wp-block-cover-is-layout-flow\">\n<p>G<\/p>\n\n\n\n<p class=\"has-text-align-center has-background-color has-text-color has-medium-font-size\"><strong><em>Gymnase Ren\u00e9 Hardy de Ducey<\/em><\/strong><\/p>\n<\/div><\/div>\n\n\n\n<p>Les s\u00e9ances sont dispens\u00e9s par un entraineur de Tennis de Table, un animateur sportif ou des b\u00e9n\u00e9voles du club (voir planning ci-dessous).<\/p>\n\n\n\n<div data-wp-interactive=\"core\/file\" class=\"wp-block-file\"><object data-wp-bind--hidden=\"!state.hasPdfPreview\" hidden class=\"wp-block-file__embed\" data=\"https:\/\/attducey-avranches.fr\/wp-content\/uploads\/2025\/10\/Planning-entrainements-2025-2026-1.pdf\" type=\"application\/pdf\" style=\"width:100%;height:600px\" aria-label=\"Contenu embarqu\u00e9 Planning entrainements 2025-2026.\"><\/object><a id=\"wp-block-file--media-d42baac0-ef6c-47be-8eb7-4242c64c33e9\" href=\"https:\/\/attducey-avranches.fr\/wp-content\/uploads\/2025\/10\/Planning-entrainements-2025-2026-1.pdf\">Planning entrainements 2025-2026<\/a><a href=\"https:\/\/attducey-avranches.fr\/wp-content\/uploads\/2025\/10\/Planning-entrainements-2025-2026-1.pdf\" class=\"wp-block-file__button wp-element-button\" download aria-describedby=\"wp-block-file--media-d42baac0-ef6c-47be-8eb7-4242c64c33e9\">T\u00e9l\u00e9charger<\/a><\/div>\n","protected":false},"excerpt":{"rendered":"<p>Les cr\u00e9neaux d&rsquo;entra\u00eenements ont lieu dans 3 salles diff\u00e9rentes : Les s\u00e9ances sont dispens\u00e9s par un entraineur de Tennis de Table, un animateur sportif ou des b\u00e9n\u00e9voles du club (voir planning ci-dessous).<\/p>\n","protected":false},"author":2,"featured_media":0,"parent":0,"menu_order":0,"comment_status":"closed","ping_status":"closed","template":"","meta":{"footnotes":""},"class_list":["post-219","page","type-page","status-publish","hentry"],"jetpack-related-posts":[{"id":386,"url":"https:\/\/attducey-avranches.fr\/index.php\/organisations\/criterium-federal-n2-ducey\/","url_meta":{"origin":219,"position":0},"title":"Crit\u00e9rium F\u00e9d\u00e9ral N2 Ducey &#8211; 1er tour 2022-2023","author":"J\u00e9r\u00e9my Gloria","date":"19 juillet 2022","format":false,"excerpt":"Le 1er tour du Crit\u00e9rium F\u00e9d\u00e9ral N2 (zone 6) se d\u00e9roule les 15 et 16 octobre 2022 \u00e0 Ducey-Les Ch\u00e9ris (50). Vous trouverez ci-apr\u00e8s l\u2019ensemble des documents utiles pour le suivi de la comp\u00e9tition. Convocation et horaire g\u00e9n\u00e9ral au format PDFListe des joueurs -15, -13 et -11 (samedi) en PDFListe\u2026","rel":"","context":"Article similaire","block_context":{"text":"Article similaire","link":""},"img":{"alt_text":"","src":"https:\/\/i0.wp.com\/attducey-avranches.fr\/wp-content\/uploads\/2022\/06\/Complexe_Rene_Hardy_Ducey_Les_Cheris_2_web-150x150.jpg?resize=350%2C200&ssl=1","width":350,"height":200},"classes":[]},{"id":599,"url":"https:\/\/attducey-avranches.fr\/index.php\/infos-pratiques\/section-loisirs\/","url_meta":{"origin":219,"position":1},"title":"Section Loisirs","author":"J\u00e9r\u00e9my Gloria","date":"12 octobre 2022","format":false,"excerpt":"Le club compte une trentaine de joueurs \u00e9voluant en loisirs, sans comp\u00e9tition. Ils sont licenci\u00e9s au club comme les joueurs \u00e9voluant en comp\u00e9tition et donc, possiblement \u00e9galement b\u00e9n\u00e9voles de l'association. Les cr\u00e9neaux d'entrainement sont : le mardi de 19h \u00e0 21h (avec le groupe \"comp\u00e9titions\") au Gymnase Ren\u00e9 Hardy de\u2026","rel":"","context":"Article similaire","block_context":{"text":"Article similaire","link":""},"img":{"alt_text":"","src":"https:\/\/i0.wp.com\/attducey-avranches.fr\/wp-content\/uploads\/2022\/10\/loisirs.jpg?resize=350%2C200&ssl=1","width":350,"height":200,"srcset":"https:\/\/i0.wp.com\/attducey-avranches.fr\/wp-content\/uploads\/2022\/10\/loisirs.jpg?resize=350%2C200&ssl=1 1x, https:\/\/i0.wp.com\/attducey-avranches.fr\/wp-content\/uploads\/2022\/10\/loisirs.jpg?resize=525%2C300&ssl=1 1.5x, https:\/\/i0.wp.com\/attducey-avranches.fr\/wp-content\/uploads\/2022\/10\/loisirs.jpg?resize=700%2C400&ssl=1 2x"},"classes":[]},{"id":16,"url":"https:\/\/attducey-avranches.fr\/index.php\/infos-pratiques\/347-2\/finales-federales-par-classement\/","url_meta":{"origin":219,"position":2},"title":"Finales f\u00e9d\u00e9rales par classement 2022","author":"J\u00e9r\u00e9my Gloria","date":"22 juin 2022","format":false,"excerpt":"Les finales f\u00e9d\u00e9rales par classement se sont d\u00e9roul\u00e9es les 25 et 26 juin 2022 \u00e0 Ducey-Les Ch\u00e9ris (50). Vous trouverez ci-apr\u00e8s l'ensemble des documents utiles pour le suivi de la comp\u00e9tition. Listes des joueurs au format Excel L'horaire g\u00e9n\u00e9ral de la comp\u00e9tition en PDFLe dossier d'accueil Ducey les Ch\u00e9ris en\u2026","rel":"","context":"Article similaire","block_context":{"text":"Article similaire","link":""},"img":{"alt_text":"","src":"https:\/\/i0.wp.com\/attducey-avranches.fr\/wp-content\/uploads\/2022\/06\/facebook_1655466206098_69435285301055785501689-150x150.jpg?resize=350%2C200&ssl=1","width":350,"height":200,"srcset":"https:\/\/i0.wp.com\/attducey-avranches.fr\/wp-content\/uploads\/2022\/06\/facebook_1655466206098_69435285301055785501689-150x150.jpg?resize=350%2C200&ssl=1 1x, https:\/\/i0.wp.com\/attducey-avranches.fr\/wp-content\/uploads\/2022\/06\/facebook_1655466206098_69435285301055785501689-150x150.jpg?resize=525%2C300&ssl=1 1.5x, https:\/\/i0.wp.com\/attducey-avranches.fr\/wp-content\/uploads\/2022\/06\/facebook_1655466206098_69435285301055785501689-150x150.jpg?resize=700%2C400&ssl=1 2x, https:\/\/i0.wp.com\/attducey-avranches.fr\/wp-content\/uploads\/2022\/06\/facebook_1655466206098_69435285301055785501689-150x150.jpg?resize=1050%2C600&ssl=1 3x"},"classes":[]},{"id":305,"url":"https:\/\/attducey-avranches.fr\/index.php\/organisations\/tournoi-national-ducey-2022\/","url_meta":{"origin":219,"position":3},"title":"Tournoi National Ducey 2026","author":"J\u00e9r\u00e9my Gloria","date":"15 juillet 2022","format":false,"excerpt":"La 48e \u00e9dition du Tournoi National de Ducey s'est d\u00e9roul\u00e9 le Vendredi 1er Mai 2026 \u00e0 Ducey-Les Ch\u00e9ris (50) Vous trouverez ci-apr\u00e8s l'ensemble des documents utiles pour le suivi de la comp\u00e9tition. Le r\u00e8glement du tournoi avec les dotations par tableau en PDF La feuille d'inscriptions en PDF La liste\u2026","rel":"","context":"Article similaire","block_context":{"text":"Article similaire","link":""},"img":{"alt_text":"","src":"https:\/\/i0.wp.com\/attducey-avranches.fr\/wp-content\/uploads\/2026\/02\/affiche-tournoi-2026-version-2.jpg?resize=350%2C200&ssl=1","width":350,"height":200,"srcset":"https:\/\/i0.wp.com\/attducey-avranches.fr\/wp-content\/uploads\/2026\/02\/affiche-tournoi-2026-version-2.jpg?resize=350%2C200&ssl=1 1x, https:\/\/i0.wp.com\/attducey-avranches.fr\/wp-content\/uploads\/2026\/02\/affiche-tournoi-2026-version-2.jpg?resize=525%2C300&ssl=1 1.5x, https:\/\/i0.wp.com\/attducey-avranches.fr\/wp-content\/uploads\/2026\/02\/affiche-tournoi-2026-version-2.jpg?resize=700%2C400&ssl=1 2x, https:\/\/i0.wp.com\/attducey-avranches.fr\/wp-content\/uploads\/2026\/02\/affiche-tournoi-2026-version-2.jpg?resize=1050%2C600&ssl=1 3x"},"classes":[]},{"id":223,"url":"https:\/\/attducey-avranches.fr\/index.php\/le-club\/historique\/","url_meta":{"origin":219,"position":4},"title":"Historique","author":"J\u00e9r\u00e9my Gloria","date":"13 juillet 2022","format":false,"excerpt":"Pr\u00e9sentation\u00a0: Le club de Tennis de Table Ducey\/Avranches a \u00e9t\u00e9 cr\u00e9\u00e9 en Mai 2018 suite \u00e0 la fusion des clubs de l\u2019ATT Ducey et de l\u2019Entente St Senier\/Avranches. Il comprend aujourd\u2019hui environ 170 licenci\u00e9s, soit le 2e total le plus \u00e9lev\u00e9 parmi les 51 clubs de la Manche. 17 personnes\u2026","rel":"","context":"Article similaire","block_context":{"text":"Article similaire","link":""},"img":{"alt_text":"","src":"https:\/\/i0.wp.com\/attducey-avranches.fr\/wp-content\/uploads\/2023\/12\/D3S.jpg?resize=350%2C200&ssl=1","width":350,"height":200,"srcset":"https:\/\/i0.wp.com\/attducey-avranches.fr\/wp-content\/uploads\/2023\/12\/D3S.jpg?resize=350%2C200&ssl=1 1x, https:\/\/i0.wp.com\/attducey-avranches.fr\/wp-content\/uploads\/2023\/12\/D3S.jpg?resize=525%2C300&ssl=1 1.5x, https:\/\/i0.wp.com\/attducey-avranches.fr\/wp-content\/uploads\/2023\/12\/D3S.jpg?resize=700%2C400&ssl=1 2x, https:\/\/i0.wp.com\/attducey-avranches.fr\/wp-content\/uploads\/2023\/12\/D3S.jpg?resize=1050%2C600&ssl=1 3x, https:\/\/i0.wp.com\/attducey-avranches.fr\/wp-content\/uploads\/2023\/12\/D3S.jpg?resize=1400%2C800&ssl=1 4x"},"classes":[]},{"id":1357,"url":"https:\/\/attducey-avranches.fr\/index.php\/coupe-att-2025-2026\/","url_meta":{"origin":219,"position":5},"title":"Coupe ATT 2025-2026","author":"J\u00e9r\u00e9my Gloria","date":"25 novembre 2025","format":false,"excerpt":"La Coupe ATT est une nouvelle comp\u00e9tition interne organis\u00e9e par l\u2019ATT Ducey Avranches. Elle a pour but de rassembler les joueurs du club autour d\u2019un esprit de convivialit\u00e9, de partage et de sportivit\u00e9, tout en proposant des rencontres \u00e9quilibr\u00e9es et disput\u00e9es. -> R\u00e8glement -> Poules et r\u00e9sultats -> Tableau final","rel":"","context":"Article similaire","block_context":{"text":"Article similaire","link":""},"img":{"alt_text":"","src":"","width":0,"height":0},"classes":[]}],"jetpack_sharing_enabled":true,"_links":{"self":[{"href":"https:\/\/attducey-avranches.fr\/index.php\/wp-json\/wp\/v2\/pages\/219","targetHints":{"allow":["GET"]}}],"collection":[{"href":"https:\/\/attducey-avranches.fr\/index.php\/wp-json\/wp\/v2\/pages"}],"about":[{"href":"https:\/\/attducey-avranches.fr\/index.php\/wp-json\/wp\/v2\/types\/page"}],"author":[{"embeddable":true,"href":"https:\/\/attducey-avranches.fr\/index.php\/wp-json\/wp\/v2\/users\/2"}],"replies":[{"embeddable":true,"href":"https:\/\/attducey-avranches.fr\/index.php\/wp-json\/wp\/v2\/comments?post=219"}],"version-history":[{"count":7,"href":"https:\/\/attducey-avranches.fr\/index.php\/wp-json\/wp\/v2\/pages\/219\/revisions"}],"predecessor-version":[{"id":1288,"href":"https:\/\/attducey-avranches.fr\/index.php\/wp-json\/wp\/v2\/pages\/219\/revisions\/1288"}],"wp:attachment":[{"href":"https:\/\/attducey-avranches.fr\/index.php\/wp-json\/wp\/v2\/media?parent=219"}],"curies":[{"name":"wp","href":"https:\/\/api.w.org\/{rel}","templated":true}]}}